{"id":572228,"date":"2025-04-11T18:50:08","date_gmt":"2025-04-11T16:50:08","guid":{"rendered":"https:\/\/tilefly.com\/?post_type=product&#038;p=572228"},"modified":"2025-04-11T18:50:12","modified_gmt":"2025-04-11T16:50:12","slug":"taj-mahal","status":"publish","type":"product","link":"https:\/\/tilefly.com\/es\/producto\/taj-mahal\/","title":{"rendered":"Taj Mahal"},"content":{"rendered":"<p>Serie Taj Mahal<\/p><p>A orillas del r\u00edo Yamuna, en la ciudad de Agra (India), reposa el Taj Mahal, templo de imponente aspecto y ricos materiales que forman este monumento conocido a lo largo de la historia. De \u00e9l beben los conceptos de la colecci\u00f3n hom\u00f3nima: la colecci\u00f3n de azulejos Taj Mahal est\u00e1 resuelta en acabado pulido y mate. Su espectacular puesta en escena hace que los ba\u00f1os se conviertan en las aut\u00e9nticas coronas del hogar gracias al buen gusto de estas piezas.<\/p>","protected":false},"excerpt":{"rendered":"<p>Serie Taj MahalA orillas del r\u00edo Yamuna, en la ciudad de Agra (India), reposa el Taj Mahal, templo de imponente aspecto y ricos materiales que forman este monumento conocido a lo largo de la historia. De \u00e9l beben los conceptos de la colecci\u00f3n hom\u00f3nima: la colecci\u00f3n de azulejos Taj Mahal est\u00e1 resuelta en acabado pulido [&hellip;]<\/p>\n","protected":false},"featured_media":572130,"comment_status":"closed","ping_status":"closed","template":"","meta":[],"product_brand":[],"product_cat":[303,305,307],"product_tag":[],"class_list":{"0":"post-572228","1":"product","2":"type-product","3":"status-publish","4":"has-post-thumbnail","6":"product_cat-baldosas","7":"product_cat-banos","8":"product_cat-salon","10":"first","11":"instock","12":"shipping-taxable","13":"product-type-grouped"},"_links":{"self":[{"href":"https:\/\/tilefly.com\/es\/wp-json\/wp\/v2\/product\/572228","targetHints":{"allow":["GET"]}}],"collection":[{"href":"https:\/\/tilefly.com\/es\/wp-json\/wp\/v2\/product"}],"about":[{"href":"https:\/\/tilefly.com\/es\/wp-json\/wp\/v2\/types\/product"}],"replies":[{"embeddable":true,"href":"https:\/\/tilefly.com\/es\/wp-json\/wp\/v2\/comments?post=572228"}],"wp:featuredmedia":[{"embeddable":true,"href":"https:\/\/tilefly.com\/es\/wp-json\/wp\/v2\/media\/572130"}],"wp:attachment":[{"href":"https:\/\/tilefly.com\/es\/wp-json\/wp\/v2\/media?parent=572228"}],"wp:term":[{"taxonomy":"product_brand","embeddable":true,"href":"https:\/\/tilefly.com\/es\/wp-json\/wp\/v2\/product_brand?post=572228"},{"taxonomy":"product_cat","embeddable":true,"href":"https:\/\/tilefly.com\/es\/wp-json\/wp\/v2\/product_cat?post=572228"},{"taxonomy":"product_tag","embeddable":true,"href":"https:\/\/tilefly.com\/es\/wp-json\/wp\/v2\/product_tag?post=572228"}],"curies":[{"name":"wp","href":"https:\/\/api.w.org\/{rel}","templated":true}]}}