{"id":571330,"date":"2025-04-02T16:27:59","date_gmt":"2025-04-02T14:27:59","guid":{"rendered":"https:\/\/tilefly.com\/producto\/pursue-pearl-mt-45x45\/"},"modified":"2025-04-02T16:27:59","modified_gmt":"2025-04-02T14:27:59","slug":"pursue-pearl-mt-45x45","status":"publish","type":"product","link":"https:\/\/tilefly.com\/es\/producto\/pursue-pearl-mt-45x45\/","title":{"rendered":"PURSUE PEARL MT 45X45"},"content":{"rendered":"<h2>PURSUE PEARL MT 45X45<\/h2><p>Descubre la elegancia discreta del azulejo <b>PURSUE PEARL MT 45X45<\/b>. Con un delicado color perla, esta baldosa de <a href='https:\/\/tilefly.com\/producto\/pursue'>PURSUE<\/a> aporta luminosidad y serenidad a cualquier espacio. Su formato de 45&#215;45 cm, no rectificado, facilita una instalaci\u00f3n tradicional con juntas visibles, ideal para quienes buscan un toque aut\u00e9ntico. Fabricado en porcel\u00e1nico esmaltado mate, este azulejo ofrece durabilidad y resistencia tanto para suelos como para paredes, convirti\u00e9ndolo en una opci\u00f3n vers\u00e1til para todo el hogar.<\/p><p>La imitaci\u00f3n cemento de este azulejo captura la esencia del dise\u00f1o industrial con una suavidad inigualable. Su acabado mate no solo proporciona una superficie antideslizante, sino que tambi\u00e9n realza la sutileza de su textura granulada, creando un ambiente acogedor y moderno. La ausencia de dise\u00f1os o patrones marcados favorece su integraci\u00f3n en diversos estilos decorativos, desde los m\u00e1s minimalistas hasta los m\u00e1s ecl\u00e9cticos. Su tonalidad neutra, entre blanco hueso y beige claro, permite combinarlo f\u00e1cilmente con otros materiales y colores, ofreciendo infinitas posibilidades creativas.<\/p><p>La serie <a href='https:\/\/tilefly.com\/producto\/pursue'>PURSUE<\/a> ofrece una soluci\u00f3n completa para tu proyecto de interiorismo, y este modelo en particular destaca por su equilibrio entre est\u00e9tica y funcionalidad. Ya sea para revestir un ba\u00f1o, un sal\u00f3n o una cocina, el azulejo PURSUE PEARL MT 45X45 transformar\u00e1 tu espacio en un refugio de calma y estilo. Su f\u00e1cil mantenimiento y su resistencia al desgaste garantizan una inversi\u00f3n duradera, que te permitir\u00e1 disfrutar de su belleza durante muchos a\u00f1os.<\/p>","protected":false},"excerpt":{"rendered":"<p>PURSUE PEARL MT 45X45Descubre la elegancia discreta del azulejo PURSUE PEARL MT 45X45. Con un delicado color perla, esta baldosa de PURSUE aporta luminosidad y serenidad a cualquier espacio. Su formato de 45&#215;45 cm, no rectificado, facilita una instalaci\u00f3n tradicional con juntas visibles, ideal para quienes buscan un toque aut\u00e9ntico. Fabricado en porcel\u00e1nico esmaltado mate, [&hellip;]<\/p>\n","protected":false},"featured_media":571311,"comment_status":"open","ping_status":"closed","template":"","meta":[],"product_brand":[],"product_cat":[303,305,306,304],"product_tag":[],"class_list":{"0":"post-571330","1":"product","2":"type-product","3":"status-publish","4":"has-post-thumbnail","6":"product_cat-baldosas","7":"product_cat-banos","8":"product_cat-cocina","9":"product_cat-revestimiento","11":"first","12":"instock","13":"shipping-taxable","14":"purchasable","15":"product-type-simple"},"_links":{"self":[{"href":"https:\/\/tilefly.com\/es\/wp-json\/wp\/v2\/product\/571330","targetHints":{"allow":["GET"]}}],"collection":[{"href":"https:\/\/tilefly.com\/es\/wp-json\/wp\/v2\/product"}],"about":[{"href":"https:\/\/tilefly.com\/es\/wp-json\/wp\/v2\/types\/product"}],"replies":[{"embeddable":true,"href":"https:\/\/tilefly.com\/es\/wp-json\/wp\/v2\/comments?post=571330"}],"wp:featuredmedia":[{"embeddable":true,"href":"https:\/\/tilefly.com\/es\/wp-json\/wp\/v2\/media\/571311"}],"wp:attachment":[{"href":"https:\/\/tilefly.com\/es\/wp-json\/wp\/v2\/media?parent=571330"}],"wp:term":[{"taxonomy":"product_brand","embeddable":true,"href":"https:\/\/tilefly.com\/es\/wp-json\/wp\/v2\/product_brand?post=571330"},{"taxonomy":"product_cat","embeddable":true,"href":"https:\/\/tilefly.com\/es\/wp-json\/wp\/v2\/product_cat?post=571330"},{"taxonomy":"product_tag","embeddable":true,"href":"https:\/\/tilefly.com\/es\/wp-json\/wp\/v2\/product_tag?post=571330"}],"curies":[{"name":"wp","href":"https:\/\/api.w.org\/{rel}","templated":true}]}}