{"id":570537,"date":"2025-03-11T20:27:07","date_gmt":"2025-03-11T19:27:07","guid":{"rendered":"https:\/\/tilefly.com\/?post_type=product&#038;p=570537"},"modified":"2025-03-11T20:27:14","modified_gmt":"2025-03-11T19:27:14","slug":"arenite","status":"publish","type":"product","link":"https:\/\/tilefly.com\/es\/producto\/arenite\/","title":{"rendered":"ARENITE"},"content":{"rendered":"<p>El azulejo Arenite presenta una apariencia que imita la piedra natural, con una textura suave y tonalidades que aportan calidez y naturalidad al espacio. Su dise\u00f1o ofrece un aspecto contempor\u00e1neo y elegante, adecuado para ambientes modernos y minimalistas. En algunos casos tambi\u00e9n se asemeja a el cemento.<br \/>El azulejo Arenite es una excelente opci\u00f3n para quienes buscan un revestimiento vers\u00e1til, duradero y con un dise\u00f1o natural y elegante. Su aspecto p\u00e9treo o cementoso y sus tonos neutros lo convierten en una base perfecta para crear ambientes acogedores y sofisticados.<\/p>","protected":false},"excerpt":{"rendered":"<p>El azulejo Arenite presenta una apariencia que imita la piedra natural, con una textura suave y tonalidades que aportan calidez y naturalidad al espacio. Su dise\u00f1o ofrece un aspecto contempor\u00e1neo y elegante, adecuado para ambientes modernos y minimalistas. En algunos casos tambi\u00e9n se asemeja a el cemento.El azulejo Arenite es una excelente opci\u00f3n para quienes [&hellip;]<\/p>\n","protected":false},"featured_media":570296,"comment_status":"closed","ping_status":"closed","template":"","meta":[],"product_brand":[],"product_cat":[303,305,306,304,307],"product_tag":[],"class_list":{"0":"post-570537","1":"product","2":"type-product","3":"status-publish","4":"has-post-thumbnail","6":"product_cat-baldosas","7":"product_cat-banos","8":"product_cat-cocina","9":"product_cat-revestimiento","10":"product_cat-salon","12":"first","13":"instock","14":"shipping-taxable","15":"product-type-grouped"},"_links":{"self":[{"href":"https:\/\/tilefly.com\/es\/wp-json\/wp\/v2\/product\/570537","targetHints":{"allow":["GET"]}}],"collection":[{"href":"https:\/\/tilefly.com\/es\/wp-json\/wp\/v2\/product"}],"about":[{"href":"https:\/\/tilefly.com\/es\/wp-json\/wp\/v2\/types\/product"}],"replies":[{"embeddable":true,"href":"https:\/\/tilefly.com\/es\/wp-json\/wp\/v2\/comments?post=570537"}],"wp:featuredmedia":[{"embeddable":true,"href":"https:\/\/tilefly.com\/es\/wp-json\/wp\/v2\/media\/570296"}],"wp:attachment":[{"href":"https:\/\/tilefly.com\/es\/wp-json\/wp\/v2\/media?parent=570537"}],"wp:term":[{"taxonomy":"product_brand","embeddable":true,"href":"https:\/\/tilefly.com\/es\/wp-json\/wp\/v2\/product_brand?post=570537"},{"taxonomy":"product_cat","embeddable":true,"href":"https:\/\/tilefly.com\/es\/wp-json\/wp\/v2\/product_cat?post=570537"},{"taxonomy":"product_tag","embeddable":true,"href":"https:\/\/tilefly.com\/es\/wp-json\/wp\/v2\/product_tag?post=570537"}],"curies":[{"name":"wp","href":"https:\/\/api.w.org\/{rel}","templated":true}]}}