{"id":570263,"date":"2025-03-11T20:08:07","date_gmt":"2025-03-11T19:08:07","guid":{"rendered":"https:\/\/tilefly.com\/producto\/arenite-grey-mt-60x120-rect\/"},"modified":"2026-03-14T04:00:53","modified_gmt":"2026-03-14T03:00:53","slug":"arenite-grey-mt-60x120-rect","status":"publish","type":"product","link":"https:\/\/tilefly.com\/es\/producto\/arenite-grey-mt-60x120-rect\/","title":{"rendered":"ARENITE GREY MT 60X120 RECT"},"content":{"rendered":"<p>Descubre la elegancia y versatilidad del azulejo ARENITE GREY MT 60X120 RECT, una opci\u00f3n ideal para transformar tus espacios con un toque moderno y sofisticado. Este azulejo porcel\u00e1nico, con su acabado mate, imita la belleza natural de la piedra y el cemento, ofreciendo una superficie texturizada en tonos grises claros con sutiles variaciones que aportan un aspecto r\u00fastico y contempor\u00e1neo. Las motas e inclusiones distribuidas por la superficie, junto con una ligera veta diagonal, simulan las caracter\u00edsticas propias de la piedra natural, a\u00f1adiendo autenticidad a tu dise\u00f1o.<\/p><p>Con su formato de 60&#215;120 y su rectificado preciso, este azulejo facilita una instalaci\u00f3n impecable, reduciendo al m\u00ednimo las juntas y creando una sensaci\u00f3n de continuidad visual. El material porcel\u00e1nico garantiza durabilidad y resistencia, lo que lo convierte en una opci\u00f3n perfecta tanto para suelos como para paredes, en interiores o exteriores. Su acabado mate no solo es est\u00e9ticamente atractivo, sino que tambi\u00e9n proporciona una superficie antideslizante, ideal para \u00e1reas de alto tr\u00e1nsito o espacios h\u00famedos.<\/p><p>Si buscas un revestimiento que combine la est\u00e9tica natural con la funcionalidad moderna, el ARENITE GREY MT 60X120 RECT es la elecci\u00f3n perfecta. Aporta un toque de elegancia industrial a tu hogar u oficina, creando ambientes acogedores y llenos de estilo. Descubre m\u00e1s sobre la colecci\u00f3n <a href='https:\/\/tilefly.com\/producto\/arenite'>ARENITE<\/a> y d\u00e9jate inspirar por la belleza de la piedra en tu hogar.<\/p>","protected":false},"excerpt":{"rendered":"<p>Descubre la elegancia y versatilidad del azulejo ARENITE GREY MT 60X120 RECT, una opci\u00f3n ideal para transformar tus espacios con un toque moderno y sofisticado. Este azulejo porcel\u00e1nico, con su acabado mate, imita la belleza natural de la piedra y el cemento, ofreciendo una superficie texturizada en tonos grises claros con sutiles variaciones que aportan [&hellip;]<\/p>\n","protected":false},"featured_media":570251,"comment_status":"open","ping_status":"closed","template":"","meta":[],"product_brand":[],"product_cat":[456,457,458,459],"product_tag":[],"class_list":{"0":"post-570263","1":"product","2":"type-product","3":"status-publish","4":"has-post-thumbnail","6":"product_cat-vohnzimmer","7":"product_cat-badezimmer","8":"product_cat-kuchen","9":"product_cat-wandfliesen","11":"first","12":"outofstock","13":"shipping-taxable","14":"purchasable","15":"product-type-simple"},"_links":{"self":[{"href":"https:\/\/tilefly.com\/es\/wp-json\/wp\/v2\/product\/570263","targetHints":{"allow":["GET"]}}],"collection":[{"href":"https:\/\/tilefly.com\/es\/wp-json\/wp\/v2\/product"}],"about":[{"href":"https:\/\/tilefly.com\/es\/wp-json\/wp\/v2\/types\/product"}],"replies":[{"embeddable":true,"href":"https:\/\/tilefly.com\/es\/wp-json\/wp\/v2\/comments?post=570263"}],"wp:featuredmedia":[{"embeddable":true,"href":"https:\/\/tilefly.com\/es\/wp-json\/wp\/v2\/media\/570251"}],"wp:attachment":[{"href":"https:\/\/tilefly.com\/es\/wp-json\/wp\/v2\/media?parent=570263"}],"wp:term":[{"taxonomy":"product_brand","embeddable":true,"href":"https:\/\/tilefly.com\/es\/wp-json\/wp\/v2\/product_brand?post=570263"},{"taxonomy":"product_cat","embeddable":true,"href":"https:\/\/tilefly.com\/es\/wp-json\/wp\/v2\/product_cat?post=570263"},{"taxonomy":"product_tag","embeddable":true,"href":"https:\/\/tilefly.com\/es\/wp-json\/wp\/v2\/product_tag?post=570263"}],"curies":[{"name":"wp","href":"https:\/\/api.w.org\/{rel}","templated":true}]}}