{"id":569695,"date":"2025-03-06T23:02:22","date_gmt":"2025-03-06T22:02:22","guid":{"rendered":"https:\/\/tilefly.com\/?post_type=product&#038;p=569695"},"modified":"2025-03-06T23:02:27","modified_gmt":"2025-03-06T22:02:27","slug":"deep-blue","status":"publish","type":"product","link":"https:\/\/tilefly.com\/es\/producto\/deep-blue\/","title":{"rendered":"DEEP BLUE"},"content":{"rendered":"<p>El agua del mar despliega ante nuestros ojos una variedad de azules extraordinaria, que va desde el azul marino hasta el turquesa de las playas paradis\u00edacas de arena blanca. Las ic\u00f3nicas im\u00e1genes de las profundidades del mar, de los arrecifes de corales y las praderas de posidonia han inspirado Deep Blue, una colecci\u00f3n de APE Grupo pensada para exteriores y piscinas. Esta colecci\u00f3n esta creada para las arquitecturas m\u00e1s audaces, capaz de crear atm\u00f3sferas sofisticadas. Se trata, en definitiva, de un material soberbio capaz de realzar la belleza de cualquier espacio exterior.<\/p>","protected":false},"excerpt":{"rendered":"<p>El agua del mar despliega ante nuestros ojos una variedad de azules extraordinaria, que va desde el azul marino hasta el turquesa de las playas paradis\u00edacas de arena blanca. Las ic\u00f3nicas im\u00e1genes de las profundidades del mar, de los arrecifes de corales y las praderas de posidonia han inspirado Deep Blue, una colecci\u00f3n de APE [&hellip;]<\/p>\n","protected":false},"featured_media":569636,"comment_status":"closed","ping_status":"closed","template":"","meta":[],"product_brand":[],"product_cat":[303,305,306,304],"product_tag":[],"class_list":{"0":"post-569695","1":"product","2":"type-product","3":"status-publish","4":"has-post-thumbnail","6":"product_cat-baldosas","7":"product_cat-banos","8":"product_cat-cocina","9":"product_cat-revestimiento","11":"first","12":"instock","13":"shipping-taxable","14":"product-type-grouped"},"_links":{"self":[{"href":"https:\/\/tilefly.com\/es\/wp-json\/wp\/v2\/product\/569695","targetHints":{"allow":["GET"]}}],"collection":[{"href":"https:\/\/tilefly.com\/es\/wp-json\/wp\/v2\/product"}],"about":[{"href":"https:\/\/tilefly.com\/es\/wp-json\/wp\/v2\/types\/product"}],"replies":[{"embeddable":true,"href":"https:\/\/tilefly.com\/es\/wp-json\/wp\/v2\/comments?post=569695"}],"wp:featuredmedia":[{"embeddable":true,"href":"https:\/\/tilefly.com\/es\/wp-json\/wp\/v2\/media\/569636"}],"wp:attachment":[{"href":"https:\/\/tilefly.com\/es\/wp-json\/wp\/v2\/media?parent=569695"}],"wp:term":[{"taxonomy":"product_brand","embeddable":true,"href":"https:\/\/tilefly.com\/es\/wp-json\/wp\/v2\/product_brand?post=569695"},{"taxonomy":"product_cat","embeddable":true,"href":"https:\/\/tilefly.com\/es\/wp-json\/wp\/v2\/product_cat?post=569695"},{"taxonomy":"product_tag","embeddable":true,"href":"https:\/\/tilefly.com\/es\/wp-json\/wp\/v2\/product_tag?post=569695"}],"curies":[{"name":"wp","href":"https:\/\/api.w.org\/{rel}","templated":true}]}}