{"id":569562,"date":"2025-03-06T21:53:24","date_gmt":"2025-03-06T20:53:24","guid":{"rendered":"https:\/\/tilefly.com\/producto\/sorolla-silk-132x132\/"},"modified":"2025-10-29T09:50:58","modified_gmt":"2025-10-29T08:50:58","slug":"sorolla-silk-132x132","status":"publish","type":"product","link":"https:\/\/tilefly.com\/es\/producto\/sorolla-silk-132x132\/","title":{"rendered":"SOROLLA SILK 13,2X13,2"},"content":{"rendered":"<h2><strong>SOROLLA SILK 13,2X13,2<\/strong><\/h2><p>Sum\u00e9rgete en la serenidad y elegancia atemporal con la baldosa <a href='https:\/\/tilefly.com\/producto\/sorolla'>SOROLLA<\/a> SILK. Esta pieza de revestimiento, con un formato de 13,2&#215;13,2 cm, captura la esencia de la sofisticaci\u00f3n en su paleta de grises sutiles. Elaborada en pasta blanca, esta baldosa decorada ofrece una superficie con acabado brillo que refleja la luz, a\u00f1adiendo luminosidad y amplitud a cualquier espacio. Su dise\u00f1o evoca la suavidad de la seda, presentando un aspecto de cemento envejecido con variaciones de tono que le confieren una apariencia irregular y texturizada. Las zonas claras y oscuras, junto con las marcas y manchas simuladas, recrean el paso del tiempo, aportando un car\u00e1cter \u00fanico y distintivo a cada baldosa. <\/p><p>La baldosa SOROLLA SILK, al no ser rectificada, conserva un encanto artesanal, ideal para aquellos que buscan un toque de autenticidad en sus proyectos. Su est\u00e9tica vers\u00e1til se adapta a una amplia gama de estilos decorativos, desde ambientes modernos y minimalistas hasta espacios industriales y r\u00fasticos. Util\u00edzala para revestir paredes en ba\u00f1os, cocinas o salones, creando ambientes acogedores y llenos de personalidad. La luz se deslizar\u00e1 sobre su superficie brillante, resaltando los detalles y texturas que hacen de esta baldosa una elecci\u00f3n excepcional. Con la SOROLLA SILK, cada espacio se convierte en una obra de arte, inspirada en la belleza y el legado del maestro Sorolla.<\/p><p>La irregularidad intencionada en su dise\u00f1o a\u00f1ade un inter\u00e9s visual que transforma cualquier pared en un punto focal. Imagina una cocina con un salpicadero revestido con estas baldosas, donde la luz natural baila sobre las superficies, creando un ambiente c\u00e1lido y acogedor. O un ba\u00f1o donde la elegancia discreta de la baldosa SOROLLA SILK se combina con elementos modernos para crear un espacio de relajaci\u00f3n y bienestar. Esta baldosa no solo reviste, sino que transforma, invitando a vivir en un entorno lleno de belleza y armon\u00eda, donde cada detalle cuenta una historia.<\/p>","protected":false},"excerpt":{"rendered":"<p>SOROLLA SILK 13,2X13,2Sum\u00e9rgete en la serenidad y elegancia atemporal con la baldosa SOROLLA SILK. Esta pieza de revestimiento, con un formato de 13,2&#215;13,2 cm, captura la esencia de la sofisticaci\u00f3n en su paleta de grises sutiles. Elaborada en pasta blanca, esta baldosa decorada ofrece una superficie con acabado brillo que refleja la luz, a\u00f1adiendo luminosidad [&hellip;]<\/p>\n","protected":false},"featured_media":569550,"comment_status":"open","ping_status":"closed","template":"","meta":[],"product_brand":[],"product_cat":[305,306,304],"product_tag":[],"class_list":{"0":"post-569562","1":"product","2":"type-product","3":"status-publish","4":"has-post-thumbnail","6":"product_cat-banos","7":"product_cat-cocina","8":"product_cat-revestimiento","10":"first","11":"instock","12":"shipping-taxable","13":"purchasable","14":"product-type-simple"},"_links":{"self":[{"href":"https:\/\/tilefly.com\/es\/wp-json\/wp\/v2\/product\/569562","targetHints":{"allow":["GET"]}}],"collection":[{"href":"https:\/\/tilefly.com\/es\/wp-json\/wp\/v2\/product"}],"about":[{"href":"https:\/\/tilefly.com\/es\/wp-json\/wp\/v2\/types\/product"}],"replies":[{"embeddable":true,"href":"https:\/\/tilefly.com\/es\/wp-json\/wp\/v2\/comments?post=569562"}],"wp:featuredmedia":[{"embeddable":true,"href":"https:\/\/tilefly.com\/es\/wp-json\/wp\/v2\/media\/569550"}],"wp:attachment":[{"href":"https:\/\/tilefly.com\/es\/wp-json\/wp\/v2\/media?parent=569562"}],"wp:term":[{"taxonomy":"product_brand","embeddable":true,"href":"https:\/\/tilefly.com\/es\/wp-json\/wp\/v2\/product_brand?post=569562"},{"taxonomy":"product_cat","embeddable":true,"href":"https:\/\/tilefly.com\/es\/wp-json\/wp\/v2\/product_cat?post=569562"},{"taxonomy":"product_tag","embeddable":true,"href":"https:\/\/tilefly.com\/es\/wp-json\/wp\/v2\/product_tag?post=569562"}],"curies":[{"name":"wp","href":"https:\/\/api.w.org\/{rel}","templated":true}]}}