{"id":569523,"date":"2025-03-06T21:53:09","date_gmt":"2025-03-06T20:53:09","guid":{"rendered":"https:\/\/tilefly.com\/producto\/sorolla-ocher-132x132\/"},"modified":"2026-03-14T04:16:21","modified_gmt":"2026-03-14T03:16:21","slug":"sorolla-ocher-132x132","status":"publish","type":"product","link":"https:\/\/tilefly.com\/es\/producto\/sorolla-ocher-132x132\/","title":{"rendered":"SOROLLA OCHER 13,2X13,2"},"content":{"rendered":"<h2><strong>SOROLLA OCHER 13,2X13,2<\/strong><\/h2><p>Sum\u00e9rgete en la calidez terrosa con la baldosa SOROLLA OCHER 13,2X13,2. Esta pieza, de un color marr\u00f3n ocre que evoca la serenidad de la tierra, es un homenaje a la paleta de colores del maestro Joaqu\u00edn Sorolla. <a href='https:\/\/tilefly.com\/producto\/sorolla'>SOROLLA<\/a>, esta serie captura la esencia del Mediterr\u00e1neo en cada detalle.<\/p><p>Con un formato de 13,2X13,2 cm, esta baldosa de revestimiento, no rectificada, aporta un toque artesanal y aut\u00e9ntico a tus espacios. Su material de pasta blanca garantiza una superficie lisa y uniforme, ideal para paredes que buscan un acabado impecable.<\/p><p>El acabado brillo de la SOROLLA OCHER realza su color y le da vida, creando un sutil juego de luces que ilumina cualquier ambiente. Su caracter\u00edstica especial, el decorado, se manifiesta en variaciones de tono y textura que le dan un aspecto envejecido y desgastado, como si llevara consigo la historia del tiempo.<\/p><p>Visualiza una baldosa con zonas m\u00e1s claras y oscuras, peque\u00f1as imperfecciones que hablan de un proceso de fabricaci\u00f3n casi manual. Imagina la calidez que aporta a tus paredes, transport\u00e1ndote a ambientes r\u00fasticos, mediterr\u00e1neos o vintage. SOROLLA OCHER es la elecci\u00f3n perfecta para quienes buscan un toque de autenticidad y confort en su hogar. Descubre la colecci\u00f3n completa <a href='https:\/\/tilefly.com\/producto\/sorolla'>SOROLLA<\/a> y d\u00e9jate inspirar por la luz del Mediterr\u00e1neo.<\/p>","protected":false},"excerpt":{"rendered":"<p>SOROLLA OCHER 13,2X13,2Sum\u00e9rgete en la calidez terrosa con la baldosa SOROLLA OCHER 13,2X13,2. Esta pieza, de un color marr\u00f3n ocre que evoca la serenidad de la tierra, es un homenaje a la paleta de colores del maestro Joaqu\u00edn Sorolla. SOROLLA, esta serie captura la esencia del Mediterr\u00e1neo en cada detalle.Con un formato de 13,2X13,2 cm, [&hellip;]<\/p>\n","protected":false},"featured_media":569511,"comment_status":"open","ping_status":"closed","template":"","meta":[],"product_brand":[],"product_cat":[305,306,304],"product_tag":[],"class_list":{"0":"post-569523","1":"product","2":"type-product","3":"status-publish","4":"has-post-thumbnail","6":"product_cat-banos","7":"product_cat-cocina","8":"product_cat-revestimiento","10":"first","11":"instock","12":"shipping-taxable","13":"purchasable","14":"product-type-simple"},"_links":{"self":[{"href":"https:\/\/tilefly.com\/es\/wp-json\/wp\/v2\/product\/569523","targetHints":{"allow":["GET"]}}],"collection":[{"href":"https:\/\/tilefly.com\/es\/wp-json\/wp\/v2\/product"}],"about":[{"href":"https:\/\/tilefly.com\/es\/wp-json\/wp\/v2\/types\/product"}],"replies":[{"embeddable":true,"href":"https:\/\/tilefly.com\/es\/wp-json\/wp\/v2\/comments?post=569523"}],"wp:featuredmedia":[{"embeddable":true,"href":"https:\/\/tilefly.com\/es\/wp-json\/wp\/v2\/media\/569511"}],"wp:attachment":[{"href":"https:\/\/tilefly.com\/es\/wp-json\/wp\/v2\/media?parent=569523"}],"wp:term":[{"taxonomy":"product_brand","embeddable":true,"href":"https:\/\/tilefly.com\/es\/wp-json\/wp\/v2\/product_brand?post=569523"},{"taxonomy":"product_cat","embeddable":true,"href":"https:\/\/tilefly.com\/es\/wp-json\/wp\/v2\/product_cat?post=569523"},{"taxonomy":"product_tag","embeddable":true,"href":"https:\/\/tilefly.com\/es\/wp-json\/wp\/v2\/product_tag?post=569523"}],"curies":[{"name":"wp","href":"https:\/\/api.w.org\/{rel}","templated":true}]}}