{"id":569484,"date":"2025-03-06T21:52:49","date_gmt":"2025-03-06T20:52:49","guid":{"rendered":"https:\/\/tilefly.com\/producto\/sorolla-blue-132x132\/"},"modified":"2025-10-29T09:50:51","modified_gmt":"2025-10-29T08:50:51","slug":"sorolla-blue-132x132","status":"publish","type":"product","link":"https:\/\/tilefly.com\/es\/producto\/sorolla-blue-132x132\/","title":{"rendered":"SOROLLA BLUE 13,2X13,2"},"content":{"rendered":"<h2><strong>SOROLLA BLUE 13,2X13,2<\/strong><\/h2><p>Sum\u00e9rgete en la serenidad del Mediterr\u00e1neo con la baldosa SOROLLA BLUE 13,2X13,2. Esta pieza, parte de la colecci\u00f3n <a href='https:\/\/tilefly.com\/producto\/sorolla'>SOROLLA<\/a> que rinde homenaje al maestro Joaqu\u00edn Sorolla, captura la esencia de sus luminosas pinturas costeras.<\/p><p>Con un formato de 13,2X13,2 cm y fabricada en pasta blanca, esta baldosa de revestimiento destaca por su acabado brillante que realza la viveza de su color azul celeste. Su dise\u00f1o decorado imita la textura del cemento, presentando diversas tonalidades de azul que van desde un celeste claro hasta un azul m\u00e1s profundo, creando un efecto visual de irregularidades y vetas caracter\u00edstico del cemento envejecido. La superficie ligeramente rugosa y con peque\u00f1as imperfecciones refuerza su autenticidad y estilo industrial o urbano.<\/p><p>Ideal para ambientes modernos y minimalistas, la baldosa SOROLLA BLUE aporta un toque de frescura y luminosidad a cualquier espacio. Su encanto reside en su capacidad para evocar la belleza natural y la luz del Mediterr\u00e1neo, invitando a la calma y la contemplaci\u00f3n.<\/p>","protected":false},"excerpt":{"rendered":"<p>SOROLLA BLUE 13,2X13,2Sum\u00e9rgete en la serenidad del Mediterr\u00e1neo con la baldosa SOROLLA BLUE 13,2X13,2. Esta pieza, parte de la colecci\u00f3n SOROLLA que rinde homenaje al maestro Joaqu\u00edn Sorolla, captura la esencia de sus luminosas pinturas costeras.Con un formato de 13,2X13,2 cm y fabricada en pasta blanca, esta baldosa de revestimiento destaca por su acabado brillante [&hellip;]<\/p>\n","protected":false},"featured_media":569472,"comment_status":"open","ping_status":"closed","template":"","meta":[],"product_brand":[],"product_cat":[305,306,304],"product_tag":[],"class_list":{"0":"post-569484","1":"product","2":"type-product","3":"status-publish","4":"has-post-thumbnail","6":"product_cat-banos","7":"product_cat-cocina","8":"product_cat-revestimiento","10":"first","11":"instock","12":"shipping-taxable","13":"purchasable","14":"product-type-simple"},"_links":{"self":[{"href":"https:\/\/tilefly.com\/es\/wp-json\/wp\/v2\/product\/569484","targetHints":{"allow":["GET"]}}],"collection":[{"href":"https:\/\/tilefly.com\/es\/wp-json\/wp\/v2\/product"}],"about":[{"href":"https:\/\/tilefly.com\/es\/wp-json\/wp\/v2\/types\/product"}],"replies":[{"embeddable":true,"href":"https:\/\/tilefly.com\/es\/wp-json\/wp\/v2\/comments?post=569484"}],"wp:featuredmedia":[{"embeddable":true,"href":"https:\/\/tilefly.com\/es\/wp-json\/wp\/v2\/media\/569472"}],"wp:attachment":[{"href":"https:\/\/tilefly.com\/es\/wp-json\/wp\/v2\/media?parent=569484"}],"wp:term":[{"taxonomy":"product_brand","embeddable":true,"href":"https:\/\/tilefly.com\/es\/wp-json\/wp\/v2\/product_brand?post=569484"},{"taxonomy":"product_cat","embeddable":true,"href":"https:\/\/tilefly.com\/es\/wp-json\/wp\/v2\/product_cat?post=569484"},{"taxonomy":"product_tag","embeddable":true,"href":"https:\/\/tilefly.com\/es\/wp-json\/wp\/v2\/product_tag?post=569484"}],"curies":[{"name":"wp","href":"https:\/\/api.w.org\/{rel}","templated":true}]}}