{"id":569406,"date":"2025-03-06T21:52:21","date_gmt":"2025-03-06T20:52:21","guid":{"rendered":"https:\/\/tilefly.com\/producto\/sorolla-ocher-6x246\/"},"modified":"2025-10-29T09:50:44","modified_gmt":"2025-10-29T08:50:44","slug":"sorolla-ocher-6x246","status":"publish","type":"product","link":"https:\/\/tilefly.com\/es\/producto\/sorolla-ocher-6x246\/","title":{"rendered":"SOROLLA OCHER 6X24,6"},"content":{"rendered":"<h2><strong>SOROLLA OCHER 6X24,6<\/strong><\/h2><p>Sum\u00e9rgete en la calidez y el encanto r\u00fastico con la baldosa SOROLLA OCHER 6X24,6. Esta pieza, inspirada en la luz y los colores del Mediterr\u00e1neo, captura la esencia del legado de Joaqu\u00edn Sorolla, rindiendo homenaje a su inmortal obra. Descubre la serie <a href='https:\/\/tilefly.com\/producto\/sorolla'>SOROLLA<\/a>.<\/p><p>Con un formato de 6&#215;24,6 cm, esta baldosa de revestimiento en pasta blanca presenta un cautivador acabado en brillo que realza su tonalidad marr\u00f3n ocre. Su dise\u00f1o decorado, con sutiles variaciones de color y motas oscuras, evoca la belleza natural del cemento envejecido o la piedra arenisca, aportando una sensaci\u00f3n de calidez y autenticidad a cualquier espacio. Al no ser rectificada, mantiene un encanto artesanal que resalta su singularidad.<\/p><p>La SOROLLA OCHER es ideal para crear ambientes acogedores y llenos de personalidad, ya sea en cocinas, ba\u00f1os o salones. Su superficie brillante refleja la luz, ampliando visualmente el espacio y aportando un toque de elegancia discreta. Las variaciones en la intensidad del color y las peque\u00f1as imperfecciones en su dise\u00f1o a\u00f1aden un car\u00e1cter \u00fanico a cada baldosa, creando una atm\u00f3sfera rica en matices y texturas. <\/p><p>Imagina tu pared revestida con esta joya cer\u00e1mica, transport\u00e1ndote a los paisajes soleados y llenos de vida que inspiraron al maestro Sorolla. Cada detalle de esta baldosa ha sido cuidadosamente dise\u00f1ado para capturar la esencia de su obra y transmitir la luz y calidez del Mediterr\u00e1neo a tu hogar. Dale un toque art\u00edstico y atemporal a tus espacios con la SOROLLA OCHER 6X24,6, una pieza que celebra la belleza de lo natural y el legado de un genio.<\/p>","protected":false},"excerpt":{"rendered":"<p>SOROLLA OCHER 6X24,6Sum\u00e9rgete en la calidez y el encanto r\u00fastico con la baldosa SOROLLA OCHER 6X24,6. Esta pieza, inspirada en la luz y los colores del Mediterr\u00e1neo, captura la esencia del legado de Joaqu\u00edn Sorolla, rindiendo homenaje a su inmortal obra. Descubre la serie SOROLLA.Con un formato de 6&#215;24,6 cm, esta baldosa de revestimiento en [&hellip;]<\/p>\n","protected":false},"featured_media":569394,"comment_status":"open","ping_status":"closed","template":"","meta":[],"product_brand":[],"product_cat":[305,306,304],"product_tag":[],"class_list":{"0":"post-569406","1":"product","2":"type-product","3":"status-publish","4":"has-post-thumbnail","6":"product_cat-banos","7":"product_cat-cocina","8":"product_cat-revestimiento","10":"first","11":"instock","12":"shipping-taxable","13":"purchasable","14":"product-type-simple"},"_links":{"self":[{"href":"https:\/\/tilefly.com\/es\/wp-json\/wp\/v2\/product\/569406","targetHints":{"allow":["GET"]}}],"collection":[{"href":"https:\/\/tilefly.com\/es\/wp-json\/wp\/v2\/product"}],"about":[{"href":"https:\/\/tilefly.com\/es\/wp-json\/wp\/v2\/types\/product"}],"replies":[{"embeddable":true,"href":"https:\/\/tilefly.com\/es\/wp-json\/wp\/v2\/comments?post=569406"}],"wp:featuredmedia":[{"embeddable":true,"href":"https:\/\/tilefly.com\/es\/wp-json\/wp\/v2\/media\/569394"}],"wp:attachment":[{"href":"https:\/\/tilefly.com\/es\/wp-json\/wp\/v2\/media?parent=569406"}],"wp:term":[{"taxonomy":"product_brand","embeddable":true,"href":"https:\/\/tilefly.com\/es\/wp-json\/wp\/v2\/product_brand?post=569406"},{"taxonomy":"product_cat","embeddable":true,"href":"https:\/\/tilefly.com\/es\/wp-json\/wp\/v2\/product_cat?post=569406"},{"taxonomy":"product_tag","embeddable":true,"href":"https:\/\/tilefly.com\/es\/wp-json\/wp\/v2\/product_tag?post=569406"}],"curies":[{"name":"wp","href":"https:\/\/api.w.org\/{rel}","templated":true}]}}