{"id":569340,"date":"2025-03-06T21:43:23","date_gmt":"2025-03-06T20:43:23","guid":{"rendered":"https:\/\/tilefly.com\/?post_type=product&#038;p=569340"},"modified":"2025-03-06T21:43:29","modified_gmt":"2025-03-06T20:43:29","slug":"think","status":"publish","type":"product","link":"https:\/\/tilefly.com\/es\/producto\/think\/","title":{"rendered":"THINK"},"content":{"rendered":"<p>Pasear por las calles adoquinadas en pleno silencio o a trav\u00e9s de la naturaleza es la mejor forma de llegar a grandes conclusiones. Think parte de esta premisa y resignifica los materiales con el fin \u00faltimo de alcanzar la excelencia t\u00e9cnica. La confecci\u00f3n de esta serie multiformato emplea en su relieve seis tintas de color, esmalte mate, cola digital, granilla aspirada y sparkling a campo lleno, dotando a la colecci\u00f3n de puntos de luz \u00fanicos.<\/p>","protected":false},"excerpt":{"rendered":"<p>Pasear por las calles adoquinadas en pleno silencio o a trav\u00e9s de la naturaleza es la mejor forma de llegar a grandes conclusiones. Think parte de esta premisa y resignifica los materiales con el fin \u00faltimo de alcanzar la excelencia t\u00e9cnica. La confecci\u00f3n de esta serie multiformato emplea en su relieve seis tintas de color, [&hellip;]<\/p>\n","protected":false},"featured_media":569151,"comment_status":"closed","ping_status":"closed","template":"","meta":[],"product_brand":[],"product_cat":[303,305,306,304,307],"product_tag":[],"class_list":{"0":"post-569340","1":"product","2":"type-product","3":"status-publish","4":"has-post-thumbnail","6":"product_cat-baldosas","7":"product_cat-banos","8":"product_cat-cocina","9":"product_cat-revestimiento","10":"product_cat-salon","12":"first","13":"instock","14":"shipping-taxable","15":"product-type-grouped"},"_links":{"self":[{"href":"https:\/\/tilefly.com\/es\/wp-json\/wp\/v2\/product\/569340","targetHints":{"allow":["GET"]}}],"collection":[{"href":"https:\/\/tilefly.com\/es\/wp-json\/wp\/v2\/product"}],"about":[{"href":"https:\/\/tilefly.com\/es\/wp-json\/wp\/v2\/types\/product"}],"replies":[{"embeddable":true,"href":"https:\/\/tilefly.com\/es\/wp-json\/wp\/v2\/comments?post=569340"}],"wp:featuredmedia":[{"embeddable":true,"href":"https:\/\/tilefly.com\/es\/wp-json\/wp\/v2\/media\/569151"}],"wp:attachment":[{"href":"https:\/\/tilefly.com\/es\/wp-json\/wp\/v2\/media?parent=569340"}],"wp:term":[{"taxonomy":"product_brand","embeddable":true,"href":"https:\/\/tilefly.com\/es\/wp-json\/wp\/v2\/product_brand?post=569340"},{"taxonomy":"product_cat","embeddable":true,"href":"https:\/\/tilefly.com\/es\/wp-json\/wp\/v2\/product_cat?post=569340"},{"taxonomy":"product_tag","embeddable":true,"href":"https:\/\/tilefly.com\/es\/wp-json\/wp\/v2\/product_tag?post=569340"}],"curies":[{"name":"wp","href":"https:\/\/api.w.org\/{rel}","templated":true}]}}