{"id":569040,"date":"2025-03-06T21:27:43","date_gmt":"2025-03-06T20:27:43","guid":{"rendered":"https:\/\/tilefly.com\/producto\/anti-slip-think-white-rect-60x120\/"},"modified":"2025-10-29T09:48:35","modified_gmt":"2025-10-29T08:48:35","slug":"anti-slip-think-white-rect-60x120","status":"publish","type":"product","link":"https:\/\/tilefly.com\/es\/producto\/anti-slip-think-white-rect-60x120\/","title":{"rendered":"ANTI-SLIP THINK WHITE RECT 60X120"},"content":{"rendered":"<h2><strong>ANTI-SLIP THINK WHITE RECT 60X120<\/strong><\/h2><p>Descubre la elegancia y la funcionalidad del ANTI-SLIP THINK WHITE RECT 60X120, una baldosa porcel\u00e1nica que redefine el concepto de modernidad en tu hogar. Su color blanco, suave y atemporal, evoca la serenidad de los espacios minimalistas, mientras que su imitaci\u00f3n de cemento a\u00f1ade un toque industrial y contempor\u00e1neo. Cada baldosa, rectificada para una instalaci\u00f3n precisa y un acabado impecable, mide 60&#215;120 cm, un formato vers\u00e1til que se adapta a cualquier ambiente, desde amplios salones hasta ba\u00f1os modernos. <a href='https:\/\/tilefly.com\/producto\/think'>THINK<\/a> no solo es est\u00e9tica, sino tambi\u00e9n seguridad. Su superficie antideslizante la convierte en la opci\u00f3n ideal para \u00e1reas h\u00famedas o de alto tr\u00e1nsito, previniendo accidentes y brindando tranquilidad a tu familia. El acabado mate realza la textura sutil del dise\u00f1o, creando una atm\u00f3sfera c\u00e1lida y acogedora.  <\/p><p>Inspirada en la colecci\u00f3n <a href='https:\/\/tilefly.com\/producto\/think'>THINK<\/a>, esta baldosa captura la esencia de la naturaleza y la transforma en un producto de excelencia t\u00e9cnica. Su relieve, enriquecido con seis tintas de color, esmalte mate, cola digital, granilla aspirada y sparkling a campo lleno, aporta puntos de luz \u00fanicos que iluminan cada rinc\u00f3n de tu hogar. La imagen del producto refleja un dise\u00f1o neutro y vers\u00e1til, con peque\u00f1as imperfecciones y motas que simulan la apariencia del cemento. Esta baldosa es perfecta para crear ambientes contempor\u00e1neos, minimalistas o industriales, adapt\u00e1ndose a tus gustos y necesidades. <\/p><p>El ANTI-SLIP THINK WHITE RECT 60X120 es mucho m\u00e1s que una baldosa; es una declaraci\u00f3n de estilo y un compromiso con la calidad. Su material porcel\u00e1nico garantiza durabilidad y resistencia, mientras que su f\u00e1cil limpieza y mantenimiento la convierten en la opci\u00f3n ideal para aquellos que buscan practicidad sin renunciar al dise\u00f1o. Transforma tu hogar en un espacio \u00fanico y personal con esta baldosa que fusiona la belleza del cemento con la seguridad y el confort que tu familia merece.<\/p>","protected":false},"excerpt":{"rendered":"<p>ANTI-SLIP THINK WHITE RECT 60X120Descubre la elegancia y la funcionalidad del ANTI-SLIP THINK WHITE RECT 60X120, una baldosa porcel\u00e1nica que redefine el concepto de modernidad en tu hogar. Su color blanco, suave y atemporal, evoca la serenidad de los espacios minimalistas, mientras que su imitaci\u00f3n de cemento a\u00f1ade un toque industrial y contempor\u00e1neo. Cada baldosa, [&hellip;]<\/p>\n","protected":false},"featured_media":569028,"comment_status":"open","ping_status":"closed","template":"","meta":[],"product_brand":[],"product_cat":[303,305,306,304],"product_tag":[],"class_list":{"0":"post-569040","1":"product","2":"type-product","3":"status-publish","4":"has-post-thumbnail","6":"product_cat-baldosas","7":"product_cat-banos","8":"product_cat-cocina","9":"product_cat-revestimiento","11":"first","12":"instock","13":"shipping-taxable","14":"purchasable","15":"product-type-simple"},"_links":{"self":[{"href":"https:\/\/tilefly.com\/es\/wp-json\/wp\/v2\/product\/569040","targetHints":{"allow":["GET"]}}],"collection":[{"href":"https:\/\/tilefly.com\/es\/wp-json\/wp\/v2\/product"}],"about":[{"href":"https:\/\/tilefly.com\/es\/wp-json\/wp\/v2\/types\/product"}],"replies":[{"embeddable":true,"href":"https:\/\/tilefly.com\/es\/wp-json\/wp\/v2\/comments?post=569040"}],"wp:featuredmedia":[{"embeddable":true,"href":"https:\/\/tilefly.com\/es\/wp-json\/wp\/v2\/media\/569028"}],"wp:attachment":[{"href":"https:\/\/tilefly.com\/es\/wp-json\/wp\/v2\/media?parent=569040"}],"wp:term":[{"taxonomy":"product_brand","embeddable":true,"href":"https:\/\/tilefly.com\/es\/wp-json\/wp\/v2\/product_brand?post=569040"},{"taxonomy":"product_cat","embeddable":true,"href":"https:\/\/tilefly.com\/es\/wp-json\/wp\/v2\/product_cat?post=569040"},{"taxonomy":"product_tag","embeddable":true,"href":"https:\/\/tilefly.com\/es\/wp-json\/wp\/v2\/product_tag?post=569040"}],"curies":[{"name":"wp","href":"https:\/\/api.w.org\/{rel}","templated":true}]}}