{"id":568663,"date":"2025-02-27T00:43:54","date_gmt":"2025-02-26T23:43:54","guid":{"rendered":"https:\/\/tilefly.com\/?post_type=product&#038;p=568663"},"modified":"2025-02-27T00:43:58","modified_gmt":"2025-02-26T23:43:58","slug":"loop","status":"publish","type":"product","link":"https:\/\/tilefly.com\/es\/producto\/loop\/","title":{"rendered":"LOOP"},"content":{"rendered":"<p>Inspirada en modelos arquitect\u00f3nicos y en la tecnolog\u00eda 3D, la colecci\u00f3n Loop es capaz de transformar el concepto tradicional de la cer\u00e1mica. Sus dise\u00f1os tridimensionales generan efectos \u00f3pticos que cambian seg\u00fan la iluminaci\u00f3n y la incidencia de la luz. El relieve minimalista y contempor\u00e1neo permite decorar con simplicidad y encanto todo tipo de interiores y ofrece una gran versatilidad en la colocaci\u00f3n. Loop simboliza nuestro concepto creativo \u2018The Perfect Mix\u2019 gracias a su paleta de color, que hace referencia a la serie Four Seasons de APE.<\/p>","protected":false},"excerpt":{"rendered":"<p>Inspirada en modelos arquitect\u00f3nicos y en la tecnolog\u00eda 3D, la colecci\u00f3n Loop es capaz de transformar el concepto tradicional de la cer\u00e1mica. Sus dise\u00f1os tridimensionales generan efectos \u00f3pticos que cambian seg\u00fan la iluminaci\u00f3n y la incidencia de la luz. El relieve minimalista y contempor\u00e1neo permite decorar con simplicidad y encanto todo tipo de interiores y [&hellip;]<\/p>\n","protected":false},"featured_media":568630,"comment_status":"closed","ping_status":"closed","template":"","meta":[],"product_brand":[],"product_cat":[304,305,306],"product_tag":[],"class_list":{"0":"post-568663","1":"product","2":"type-product","3":"status-publish","4":"has-post-thumbnail","6":"product_cat-revestimiento","7":"product_cat-banos","8":"product_cat-cocina","10":"first","11":"instock","12":"shipping-taxable","13":"product-type-grouped"},"_links":{"self":[{"href":"https:\/\/tilefly.com\/es\/wp-json\/wp\/v2\/product\/568663","targetHints":{"allow":["GET"]}}],"collection":[{"href":"https:\/\/tilefly.com\/es\/wp-json\/wp\/v2\/product"}],"about":[{"href":"https:\/\/tilefly.com\/es\/wp-json\/wp\/v2\/types\/product"}],"replies":[{"embeddable":true,"href":"https:\/\/tilefly.com\/es\/wp-json\/wp\/v2\/comments?post=568663"}],"wp:featuredmedia":[{"embeddable":true,"href":"https:\/\/tilefly.com\/es\/wp-json\/wp\/v2\/media\/568630"}],"wp:attachment":[{"href":"https:\/\/tilefly.com\/es\/wp-json\/wp\/v2\/media?parent=568663"}],"wp:term":[{"taxonomy":"product_brand","embeddable":true,"href":"https:\/\/tilefly.com\/es\/wp-json\/wp\/v2\/product_brand?post=568663"},{"taxonomy":"product_cat","embeddable":true,"href":"https:\/\/tilefly.com\/es\/wp-json\/wp\/v2\/product_cat?post=568663"},{"taxonomy":"product_tag","embeddable":true,"href":"https:\/\/tilefly.com\/es\/wp-json\/wp\/v2\/product_tag?post=568663"}],"curies":[{"name":"wp","href":"https:\/\/api.w.org\/{rel}","templated":true}]}}