{"id":568466,"date":"2025-02-27T00:28:44","date_gmt":"2025-02-26T23:28:44","guid":{"rendered":"https:\/\/tilefly.com\/producto\/habitat-blue-rect-30x60\/"},"modified":"2025-10-29T09:47:55","modified_gmt":"2025-10-29T08:47:55","slug":"habitat-blue-rect-30x60","status":"publish","type":"product","link":"https:\/\/tilefly.com\/es\/producto\/habitat-blue-rect-30x60\/","title":{"rendered":"HABITAT BLUE RECT 30X60"},"content":{"rendered":"<h2><strong>HABITAT BLUE RECT 30X60<\/strong><\/h2><p>Descubre la elegancia texturizada con la baldosa HABITAT BLUE RECT 30X60. Esta pieza porcel\u00e1nica, ideal tanto para suelos como para paredes, redefine la est\u00e9tica de tus espacios con su dise\u00f1o que evoca la calidez de un tejido entrelazado. El color azul, suave y envolvente, se combina con un acabado mate que le otorga un aspecto natural y sofisticado. Su formato de 30&#215;60 cm y su rectificaci\u00f3n precisa garantizan una instalaci\u00f3n impecable y un resultado visualmente armonioso.<\/p><p>La baldosa HABITAT BLUE, adem\u00e1s de su belleza est\u00e9tica, ofrece caracter\u00edsticas t\u00e9cnicas excepcionales. Su superficie antideslizante la convierte en una opci\u00f3n segura para \u00e1reas como ba\u00f1os o cocinas, donde la humedad puede ser un factor de riesgo. El dise\u00f1o decorado de la baldosa a\u00f1ade un toque de distinci\u00f3n, creando ambientes acogedores y llenos de personalidad. Imagina un espacio donde cada detalle cuenta, donde la textura y el color se fusionan para crear una atm\u00f3sfera \u00fanica.<\/p><p>Inspirada en la sensaci\u00f3n de bienestar que se experimenta al llegar a casa, la colecci\u00f3n <a href='https:\/\/tilefly.com\/producto\/habitat'>HABITAT<\/a> te invita a crear espacios que reflejen tu estilo y personalidad. Su amplia gama crom\u00e1tica te permite jugar con diferentes combinaciones, creando ambientes personalizados y llenos de encanto. Elige la baldosa HABITAT BLUE RECT 30X60 y transforma tus espacios en lugares \u00fanicos y acogedores.<\/p>","protected":false},"excerpt":{"rendered":"<p>HABITAT BLUE RECT 30X60Descubre la elegancia texturizada con la baldosa HABITAT BLUE RECT 30X60. Esta pieza porcel\u00e1nica, ideal tanto para suelos como para paredes, redefine la est\u00e9tica de tus espacios con su dise\u00f1o que evoca la calidez de un tejido entrelazado. El color azul, suave y envolvente, se combina con un acabado mate que le [&hellip;]<\/p>\n","protected":false},"featured_media":568454,"comment_status":"open","ping_status":"closed","template":"","meta":[],"product_brand":[],"product_cat":[303,305,306,304],"product_tag":[],"class_list":{"0":"post-568466","1":"product","2":"type-product","3":"status-publish","4":"has-post-thumbnail","6":"product_cat-baldosas","7":"product_cat-banos","8":"product_cat-cocina","9":"product_cat-revestimiento","11":"first","12":"instock","13":"shipping-taxable","14":"purchasable","15":"product-type-simple"},"_links":{"self":[{"href":"https:\/\/tilefly.com\/es\/wp-json\/wp\/v2\/product\/568466","targetHints":{"allow":["GET"]}}],"collection":[{"href":"https:\/\/tilefly.com\/es\/wp-json\/wp\/v2\/product"}],"about":[{"href":"https:\/\/tilefly.com\/es\/wp-json\/wp\/v2\/types\/product"}],"replies":[{"embeddable":true,"href":"https:\/\/tilefly.com\/es\/wp-json\/wp\/v2\/comments?post=568466"}],"wp:featuredmedia":[{"embeddable":true,"href":"https:\/\/tilefly.com\/es\/wp-json\/wp\/v2\/media\/568454"}],"wp:attachment":[{"href":"https:\/\/tilefly.com\/es\/wp-json\/wp\/v2\/media?parent=568466"}],"wp:term":[{"taxonomy":"product_brand","embeddable":true,"href":"https:\/\/tilefly.com\/es\/wp-json\/wp\/v2\/product_brand?post=568466"},{"taxonomy":"product_cat","embeddable":true,"href":"https:\/\/tilefly.com\/es\/wp-json\/wp\/v2\/product_cat?post=568466"},{"taxonomy":"product_tag","embeddable":true,"href":"https:\/\/tilefly.com\/es\/wp-json\/wp\/v2\/product_tag?post=568466"}],"curies":[{"name":"wp","href":"https:\/\/api.w.org\/{rel}","templated":true}]}}