{"id":568453,"date":"2025-02-27T00:28:41","date_gmt":"2025-02-26T23:28:41","guid":{"rendered":"https:\/\/tilefly.com\/producto\/habitat-white-rect-30x60\/"},"modified":"2025-10-29T09:47:53","modified_gmt":"2025-10-29T08:47:53","slug":"habitat-white-rect-30x60","status":"publish","type":"product","link":"https:\/\/tilefly.com\/es\/producto\/habitat-white-rect-30x60\/","title":{"rendered":"HABITAT WHITE RECT 30X60"},"content":{"rendered":"<h2><strong>HABITAT WHITE RECT 30X60<\/strong><\/h2><p>Descubre la elegancia sutil de la baldosa HABITAT WHITE RECT 30X60. Esta pieza porcel\u00e1nica, rectificada para una instalaci\u00f3n impecable, transforma cualquier espacio con su acabado mate y su textura que evoca la suavidad del lino. El color blanco neutro de esta baldosa proporciona una base vers\u00e1til, ideal para combinar con una amplia gama de estilos decorativos, desde los m\u00e1s minimalistas hasta los m\u00e1s r\u00fasticos. Su superficie, decorada con un delicado patr\u00f3n de l\u00edneas entretejidas, a\u00f1ade un toque de sofisticaci\u00f3n sin sobrecargar el ambiente. Adem\u00e1s, su propiedad antideslizante la convierte en una opci\u00f3n segura y funcional para cualquier \u00e1rea de tu hogar.<\/p><p>Imagina la serenidad que aportar\u00e1 esta baldosa a tu ba\u00f1o, la luminosidad que irradiar\u00e1 en tu cocina o la calidez que envolver\u00e1 tu sal\u00f3n. Su formato de 30&#215;60 cm facilita su manipulaci\u00f3n e instalaci\u00f3n, permiti\u00e9ndote crear composiciones \u00fanicas y personalizadas. La resistencia y durabilidad del porcel\u00e1nico garantizan que esta inversi\u00f3n perdure en el tiempo, manteniendo su belleza intacta a pesar del uso diario.<\/p><p>Si buscas una opci\u00f3n que combine est\u00e9tica, funcionalidad y calidad, la baldosa HABITAT WHITE RECT 30X60 es la elecci\u00f3n perfecta. No esperes m\u00e1s para transformar tus espacios y crear ambientes llenos de armon\u00eda y confort. Explora la colecci\u00f3n completa y descubre todas las posibilidades que te ofrece la serie <a href='https:\/\/tilefly.com\/producto\/habitat'>HABITAT<\/a>.<\/p>","protected":false},"excerpt":{"rendered":"<p>HABITAT WHITE RECT 30X60Descubre la elegancia sutil de la baldosa HABITAT WHITE RECT 30X60. Esta pieza porcel\u00e1nica, rectificada para una instalaci\u00f3n impecable, transforma cualquier espacio con su acabado mate y su textura que evoca la suavidad del lino. El color blanco neutro de esta baldosa proporciona una base vers\u00e1til, ideal para combinar con una amplia [&hellip;]<\/p>\n","protected":false},"featured_media":568441,"comment_status":"open","ping_status":"closed","template":"","meta":[],"product_brand":[],"product_cat":[303,305,306,304],"product_tag":[],"class_list":{"0":"post-568453","1":"product","2":"type-product","3":"status-publish","4":"has-post-thumbnail","6":"product_cat-baldosas","7":"product_cat-banos","8":"product_cat-cocina","9":"product_cat-revestimiento","11":"first","12":"instock","13":"shipping-taxable","14":"purchasable","15":"product-type-simple"},"_links":{"self":[{"href":"https:\/\/tilefly.com\/es\/wp-json\/wp\/v2\/product\/568453","targetHints":{"allow":["GET"]}}],"collection":[{"href":"https:\/\/tilefly.com\/es\/wp-json\/wp\/v2\/product"}],"about":[{"href":"https:\/\/tilefly.com\/es\/wp-json\/wp\/v2\/types\/product"}],"replies":[{"embeddable":true,"href":"https:\/\/tilefly.com\/es\/wp-json\/wp\/v2\/comments?post=568453"}],"wp:featuredmedia":[{"embeddable":true,"href":"https:\/\/tilefly.com\/es\/wp-json\/wp\/v2\/media\/568441"}],"wp:attachment":[{"href":"https:\/\/tilefly.com\/es\/wp-json\/wp\/v2\/media?parent=568453"}],"wp:term":[{"taxonomy":"product_brand","embeddable":true,"href":"https:\/\/tilefly.com\/es\/wp-json\/wp\/v2\/product_brand?post=568453"},{"taxonomy":"product_cat","embeddable":true,"href":"https:\/\/tilefly.com\/es\/wp-json\/wp\/v2\/product_cat?post=568453"},{"taxonomy":"product_tag","embeddable":true,"href":"https:\/\/tilefly.com\/es\/wp-json\/wp\/v2\/product_tag?post=568453"}],"curies":[{"name":"wp","href":"https:\/\/api.w.org\/{rel}","templated":true}]}}