{"id":568435,"date":"2025-02-26T23:58:11","date_gmt":"2025-02-26T22:58:11","guid":{"rendered":"https:\/\/tilefly.com\/?post_type=product&#038;p=568435"},"modified":"2025-02-27T00:01:24","modified_gmt":"2025-02-26T23:01:24","slug":"kinfolk","status":"publish","type":"product","link":"https:\/\/tilefly.com\/es\/producto\/kinfolk\/","title":{"rendered":"KINFOLK"},"content":{"rendered":"<h2>Serie Kinfolk<br \/><\/h2><p>Kinfolk se inspira en el estilo de decoraci\u00f3n hom\u00f3nimo y bebe, a su vez, de la filosof\u00eda slow life. Decorativamente se caracteriza por el uso de elementos cl\u00e1sicos y un componente r\u00fastico con tendencia n\u00f3rdica e industrial. Esta colecci\u00f3n se compone de m\u00faltiples decorados e inspiraciones. Todo ello con las caracter\u00edsticas t\u00e9cnicas m\u00e1s avanzadas. El decorado Kinfolk consiste en un dise\u00f1o floral llamativo, un acabado mate y la t\u00e9cnica carving brillo bajo el esmalte. Kinfolk ofrece hasta un total de tres series distintas: Kinwood, Kinstone y Kinmarble.<\/p>","protected":false},"excerpt":{"rendered":"<p>Serie KinfolkKinfolk se inspira en el estilo de decoraci\u00f3n hom\u00f3nimo y bebe, a su vez, de la filosof\u00eda slow life. Decorativamente se caracteriza por el uso de elementos cl\u00e1sicos y un componente r\u00fastico con tendencia n\u00f3rdica e industrial. Esta colecci\u00f3n se compone de m\u00faltiples decorados e inspiraciones. Todo ello con las caracter\u00edsticas t\u00e9cnicas m\u00e1s avanzadas. [&hellip;]<\/p>\n","protected":false},"featured_media":553450,"comment_status":"closed","ping_status":"closed","template":"","meta":[],"product_brand":[],"product_cat":[846,847,848,827,866],"product_tag":[],"class_list":{"0":"post-568435","1":"product","2":"type-product","3":"status-publish","4":"has-post-thumbnail","6":"product_cat-piastrelle","7":"product_cat-bagni","8":"product_cat-cucine","9":"product_cat-rivestimento","10":"product_cat-salotto","12":"first","13":"instock","14":"shipping-taxable","15":"product-type-grouped"},"_links":{"self":[{"href":"https:\/\/tilefly.com\/es\/wp-json\/wp\/v2\/product\/568435","targetHints":{"allow":["GET"]}}],"collection":[{"href":"https:\/\/tilefly.com\/es\/wp-json\/wp\/v2\/product"}],"about":[{"href":"https:\/\/tilefly.com\/es\/wp-json\/wp\/v2\/types\/product"}],"replies":[{"embeddable":true,"href":"https:\/\/tilefly.com\/es\/wp-json\/wp\/v2\/comments?post=568435"}],"wp:featuredmedia":[{"embeddable":true,"href":"https:\/\/tilefly.com\/es\/wp-json\/wp\/v2\/media\/553450"}],"wp:attachment":[{"href":"https:\/\/tilefly.com\/es\/wp-json\/wp\/v2\/media?parent=568435"}],"wp:term":[{"taxonomy":"product_brand","embeddable":true,"href":"https:\/\/tilefly.com\/es\/wp-json\/wp\/v2\/product_brand?post=568435"},{"taxonomy":"product_cat","embeddable":true,"href":"https:\/\/tilefly.com\/es\/wp-json\/wp\/v2\/product_cat?post=568435"},{"taxonomy":"product_tag","embeddable":true,"href":"https:\/\/tilefly.com\/es\/wp-json\/wp\/v2\/product_tag?post=568435"}],"curies":[{"name":"wp","href":"https:\/\/api.w.org\/{rel}","templated":true}]}}