{"id":568421,"date":"2025-02-26T23:49:01","date_gmt":"2025-02-26T22:49:01","guid":{"rendered":"https:\/\/tilefly.com\/producto\/burlington-taupe-rect-30x60\/"},"modified":"2025-10-29T09:47:46","modified_gmt":"2025-10-29T08:47:46","slug":"burlington-taupe-rect-30x60","status":"publish","type":"product","link":"https:\/\/tilefly.com\/es\/producto\/burlington-taupe-rect-30x60\/","title":{"rendered":"BURLINGTON TAUPE RECT 30X60"},"content":{"rendered":"<h2><strong>BURLINGTON TAUPE RECT 30X60<\/strong><\/h2><p>Descubre la elegancia natural con la baldosa BURLINGTON TAUPE RECT 30X60, una pieza que captura la esencia de la piedra en un formato moderno y vers\u00e1til. Su tonalidad marr\u00f3n, que evoca la calidez de la tierra, se fusiona con una textura sutilmente granulada para crear un ambiente acogedor y sofisticado. Ideal para quienes buscan un estilo atemporal con un toque contempor\u00e1neo, esta baldosa porcel\u00e1nica imitaci\u00f3n piedra redefine el concepto de durabilidad y belleza.<\/p><p>Con un formato de 30&#215;60 cm y bordes rectificados, esta baldosa permite una instalaci\u00f3n precisa y uniforme, minimizando las juntas y maximizando la sensaci\u00f3n de continuidad en tus espacios. Su acabado mate no solo aporta un aspecto natural y elegante, sino que tambi\u00e9n ofrece propiedades antideslizantes, haci\u00e9ndola perfecta para \u00e1reas donde la seguridad es primordial. Imagina transformar tu sal\u00f3n, cocina o ba\u00f1o en un refugio de serenidad y estilo con esta pieza \u00fanica.<\/p><p>Fabricada en porcel\u00e1nico de alta calidad, la baldosa BURLINGTON TAUPE RECT 30X60 es resistente al desgaste, a las manchas y a la humedad, lo que garantiza su belleza y funcionalidad a lo largo del tiempo. Ya sea para un proyecto de renovaci\u00f3n o para la construcci\u00f3n de un nuevo hogar, esta baldosa es una elecci\u00f3n inteligente y con estilo. Sum\u00e9rgete en la experiencia <a href='https:\/\/tilefly.com\/producto\/burlington'>BURLINGTON<\/a> y d\u00e9jate inspirar por la belleza que perdura.<\/p>","protected":false},"excerpt":{"rendered":"<p>BURLINGTON TAUPE RECT 30X60Descubre la elegancia natural con la baldosa BURLINGTON TAUPE RECT 30X60, una pieza que captura la esencia de la piedra en un formato moderno y vers\u00e1til. Su tonalidad marr\u00f3n, que evoca la calidez de la tierra, se fusiona con una textura sutilmente granulada para crear un ambiente acogedor y sofisticado. Ideal para [&hellip;]<\/p>\n","protected":false},"featured_media":568409,"comment_status":"open","ping_status":"closed","template":"","meta":[],"product_brand":[],"product_cat":[303,305,306,304],"product_tag":[],"class_list":{"0":"post-568421","1":"product","2":"type-product","3":"status-publish","4":"has-post-thumbnail","6":"product_cat-baldosas","7":"product_cat-banos","8":"product_cat-cocina","9":"product_cat-revestimiento","11":"first","12":"instock","13":"shipping-taxable","14":"purchasable","15":"product-type-simple"},"_links":{"self":[{"href":"https:\/\/tilefly.com\/es\/wp-json\/wp\/v2\/product\/568421","targetHints":{"allow":["GET"]}}],"collection":[{"href":"https:\/\/tilefly.com\/es\/wp-json\/wp\/v2\/product"}],"about":[{"href":"https:\/\/tilefly.com\/es\/wp-json\/wp\/v2\/types\/product"}],"replies":[{"embeddable":true,"href":"https:\/\/tilefly.com\/es\/wp-json\/wp\/v2\/comments?post=568421"}],"wp:featuredmedia":[{"embeddable":true,"href":"https:\/\/tilefly.com\/es\/wp-json\/wp\/v2\/media\/568409"}],"wp:attachment":[{"href":"https:\/\/tilefly.com\/es\/wp-json\/wp\/v2\/media?parent=568421"}],"wp:term":[{"taxonomy":"product_brand","embeddable":true,"href":"https:\/\/tilefly.com\/es\/wp-json\/wp\/v2\/product_brand?post=568421"},{"taxonomy":"product_cat","embeddable":true,"href":"https:\/\/tilefly.com\/es\/wp-json\/wp\/v2\/product_cat?post=568421"},{"taxonomy":"product_tag","embeddable":true,"href":"https:\/\/tilefly.com\/es\/wp-json\/wp\/v2\/product_tag?post=568421"}],"curies":[{"name":"wp","href":"https:\/\/api.w.org\/{rel}","templated":true}]}}