{"id":568187,"date":"2025-02-26T23:43:06","date_gmt":"2025-02-26T22:43:06","guid":{"rendered":"https:\/\/tilefly.com\/producto\/burlington-volcano-rect-60x120\/"},"modified":"2025-10-29T09:45:17","modified_gmt":"2025-10-29T08:45:17","slug":"burlington-volcano-rect-60x120","status":"publish","type":"product","link":"https:\/\/tilefly.com\/es\/producto\/burlington-volcano-rect-60x120\/","title":{"rendered":"BURLINGTON VOLCANO RECT 60X120"},"content":{"rendered":"<h2><strong>BURLINGTON VOLCANO RECT 60X120<\/strong><\/h2><p>Descubre la elegancia robusta de la baldosa BURLINGTON VOLCANO RECT 60X120, una pieza que captura la esencia de la piedra natural con la funcionalidad del porcel\u00e1nico. Su color gris oscuro, profundo y sofisticado, evoca la fuerza volc\u00e1nica y la serenidad de la naturaleza. El acabado mate de esta baldosa no solo proporciona un aspecto moderno y minimalista, sino que tambi\u00e9n ofrece una superficie antideslizante, ideal para espacios donde la seguridad es primordial. Su formato de 60&#215;120 cm, rectificado para una instalaci\u00f3n precisa y un aspecto impecable, transforma cualquier ambiente en un espacio contempor\u00e1neo y acogedor. <\/p><p>Esta baldosa porcel\u00e1nica imitaci\u00f3n piedra es perfecta tanto para suelos como para paredes, ofreciendo versatilidad y durabilidad. Las sutiles variaciones de tono en su superficie a\u00f1aden car\u00e1cter y autenticidad, imitando la belleza imperfecta de la piedra natural. Imagina tu sal\u00f3n, cocina o ba\u00f1o revestido con esta pieza \u00fanica, que combina la est\u00e9tica natural con la resistencia y facilidad de mantenimiento del porcel\u00e1nico. <\/p><p>Inspirada en las profundidades de las monta\u00f1as de Cumbria, la serie <a href='https:\/\/tilefly.com\/producto\/burlington'>BURLINGTON<\/a> captura la esencia de la piedra ic\u00f3nica formada por la pureza del agua y la ceniza volc\u00e1nica. Con BURLINGTON VOLCANO RECT, transforma tus espacios en lugares donde la belleza natural y la funcionalidad convergen en perfecta armon\u00eda.<\/p>","protected":false},"excerpt":{"rendered":"<p>BURLINGTON VOLCANO RECT 60X120Descubre la elegancia robusta de la baldosa BURLINGTON VOLCANO RECT 60X120, una pieza que captura la esencia de la piedra natural con la funcionalidad del porcel\u00e1nico. Su color gris oscuro, profundo y sofisticado, evoca la fuerza volc\u00e1nica y la serenidad de la naturaleza. El acabado mate de esta baldosa no solo proporciona [&hellip;]<\/p>\n","protected":false},"featured_media":568175,"comment_status":"open","ping_status":"closed","template":"","meta":[],"product_brand":[],"product_cat":[303,305,306,304],"product_tag":[],"class_list":{"0":"post-568187","1":"product","2":"type-product","3":"status-publish","4":"has-post-thumbnail","6":"product_cat-baldosas","7":"product_cat-banos","8":"product_cat-cocina","9":"product_cat-revestimiento","11":"first","12":"instock","13":"shipping-taxable","14":"purchasable","15":"product-type-simple"},"_links":{"self":[{"href":"https:\/\/tilefly.com\/es\/wp-json\/wp\/v2\/product\/568187","targetHints":{"allow":["GET"]}}],"collection":[{"href":"https:\/\/tilefly.com\/es\/wp-json\/wp\/v2\/product"}],"about":[{"href":"https:\/\/tilefly.com\/es\/wp-json\/wp\/v2\/types\/product"}],"replies":[{"embeddable":true,"href":"https:\/\/tilefly.com\/es\/wp-json\/wp\/v2\/comments?post=568187"}],"wp:featuredmedia":[{"embeddable":true,"href":"https:\/\/tilefly.com\/es\/wp-json\/wp\/v2\/media\/568175"}],"wp:attachment":[{"href":"https:\/\/tilefly.com\/es\/wp-json\/wp\/v2\/media?parent=568187"}],"wp:term":[{"taxonomy":"product_brand","embeddable":true,"href":"https:\/\/tilefly.com\/es\/wp-json\/wp\/v2\/product_brand?post=568187"},{"taxonomy":"product_cat","embeddable":true,"href":"https:\/\/tilefly.com\/es\/wp-json\/wp\/v2\/product_cat?post=568187"},{"taxonomy":"product_tag","embeddable":true,"href":"https:\/\/tilefly.com\/es\/wp-json\/wp\/v2\/product_tag?post=568187"}],"curies":[{"name":"wp","href":"https:\/\/api.w.org\/{rel}","templated":true}]}}