{"id":568161,"date":"2025-02-26T23:43:00","date_gmt":"2025-02-26T22:43:00","guid":{"rendered":"https:\/\/tilefly.com\/producto\/burlington-taupe-rect-60x120\/"},"modified":"2025-10-29T09:45:11","modified_gmt":"2025-10-29T08:45:11","slug":"burlington-taupe-rect-60x120","status":"publish","type":"product","link":"https:\/\/tilefly.com\/es\/producto\/burlington-taupe-rect-60x120\/","title":{"rendered":"BURLINGTON TAUPE RECT 60X120"},"content":{"rendered":"<h2><strong>BURLINGTON TAUPE RECT 60X120<\/strong><\/h2><p>Descubre la elegancia atemporal con la baldosa BURLINGTON TAUPE RECT 60X120, una pieza que captura la esencia de la piedra natural con la durabilidad y versatilidad del porcel\u00e1nico. Su tonalidad marr\u00f3n, suave y c\u00e1lida, evoca la serenidad de los paisajes naturales, creando ambientes acogedores y sofisticados. El formato 60&#215;120 cm, rectificado para una instalaci\u00f3n precisa y minimalista, maximiza la sensaci\u00f3n de amplitud en cualquier espacio, mientras que su acabado mate ofrece una superficie suave al tacto y visualmente relajante.<\/p><p>Esta baldosa, que imita a la perfecci\u00f3n la textura del cemento o microcemento, presenta sutiles variaciones de tono y finas vetas que le confieren un realismo inigualable. Su dise\u00f1o antideslizante la convierte en una opci\u00f3n segura y funcional para cualquier \u00e1rea de tu hogar, desde ba\u00f1os y cocinas hasta salones y terrazas. La baldosa BURLINGTON TAUPE RECT 60X120 es ideal para crear espacios modernos e industriales, sin renunciar a la calidez y el confort. <\/p><p>D\u00e9jate inspirar por la belleza de la naturaleza y transforma tu hogar con la colecci\u00f3n <a href='https:\/\/tilefly.com\/producto\/burlington'>BURLINGTON<\/a>. Una serie que te transportar\u00e1 a las profundidades de las monta\u00f1as de Cumbria, donde la piedra se fusiona con el dise\u00f1o para crear ambientes \u00fanicos y memorables.<\/p>","protected":false},"excerpt":{"rendered":"<p>BURLINGTON TAUPE RECT 60X120Descubre la elegancia atemporal con la baldosa BURLINGTON TAUPE RECT 60X120, una pieza que captura la esencia de la piedra natural con la durabilidad y versatilidad del porcel\u00e1nico. Su tonalidad marr\u00f3n, suave y c\u00e1lida, evoca la serenidad de los paisajes naturales, creando ambientes acogedores y sofisticados. El formato 60&#215;120 cm, rectificado para [&hellip;]<\/p>\n","protected":false},"featured_media":568149,"comment_status":"open","ping_status":"closed","template":"","meta":[],"product_brand":[],"product_cat":[353,354,355,356],"product_tag":[],"class_list":{"0":"post-568161","1":"product","2":"type-product","3":"status-publish","4":"has-post-thumbnail","6":"product_cat-carrelage","7":"product_cat-carrelage-salle-de-bain","8":"product_cat-cuisines","9":"product_cat-faiences","11":"first","12":"instock","13":"shipping-taxable","14":"purchasable","15":"product-type-simple"},"_links":{"self":[{"href":"https:\/\/tilefly.com\/es\/wp-json\/wp\/v2\/product\/568161","targetHints":{"allow":["GET"]}}],"collection":[{"href":"https:\/\/tilefly.com\/es\/wp-json\/wp\/v2\/product"}],"about":[{"href":"https:\/\/tilefly.com\/es\/wp-json\/wp\/v2\/types\/product"}],"replies":[{"embeddable":true,"href":"https:\/\/tilefly.com\/es\/wp-json\/wp\/v2\/comments?post=568161"}],"wp:featuredmedia":[{"embeddable":true,"href":"https:\/\/tilefly.com\/es\/wp-json\/wp\/v2\/media\/568149"}],"wp:attachment":[{"href":"https:\/\/tilefly.com\/es\/wp-json\/wp\/v2\/media?parent=568161"}],"wp:term":[{"taxonomy":"product_brand","embeddable":true,"href":"https:\/\/tilefly.com\/es\/wp-json\/wp\/v2\/product_brand?post=568161"},{"taxonomy":"product_cat","embeddable":true,"href":"https:\/\/tilefly.com\/es\/wp-json\/wp\/v2\/product_cat?post=568161"},{"taxonomy":"product_tag","embeddable":true,"href":"https:\/\/tilefly.com\/es\/wp-json\/wp\/v2\/product_tag?post=568161"}],"curies":[{"name":"wp","href":"https:\/\/api.w.org\/{rel}","templated":true}]}}