{"id":567210,"date":"2025-02-25T01:07:50","date_gmt":"2025-02-25T00:07:50","guid":{"rendered":"https:\/\/tilefly.com\/producto\/anti-slip-illinois-white-rect-100x100\/"},"modified":"2025-10-28T13:09:54","modified_gmt":"2025-10-28T12:09:54","slug":"anti-slip-illinois-white-rect-100x100","status":"publish","type":"product","link":"https:\/\/tilefly.com\/es\/producto\/anti-slip-illinois-white-rect-100x100\/","title":{"rendered":"ANTI-SLIP ILLINOIS WHITE RECT 100X100"},"content":{"rendered":"<h2><strong>ANTI-SLIP ILLINOIS WHITE RECT 100X100<\/strong><\/h2><p>Descubre la elegancia y funcionalidad del ANTI-SLIP ILLINOIS WHITE RECT 100X100, una baldosa porcel\u00e1nica que redefine los espacios con su est\u00e9tica inspirada en el cemento. Su tonalidad blanca, sutilmente matizada, evoca la pureza y la modernidad, integr\u00e1ndose a la perfecci\u00f3n en ambientes minimalistas e industriales. El acabado mate de esta pieza no solo aporta un toque de sofisticaci\u00f3n, sino que tambi\u00e9n disimula las imperfecciones y facilita el mantenimiento, garantizando una superficie impecable por m\u00e1s tiempo. Su formato de 100&#215;100 cm, rectificado para una mayor precisi\u00f3n en la instalaci\u00f3n, permite crear espacios amplios y continuos, donde la belleza reside en la simplicidad. <a href='https:\/\/tilefly.com\/producto\/illinois'>ILLINOIS<\/a> ofrece una soluci\u00f3n vers\u00e1til y duradera para suelos y paredes, combinando la resistencia del porcel\u00e1nico con un dise\u00f1o atemporal.<\/p><p>Esta baldosa, con su caracter\u00edstico dise\u00f1o que imita el cemento, presenta una superficie homog\u00e9nea con ligeras variaciones de color, aportando un toque natural y ligeramente envejecido. La textura, aunque sutilmente granulada, es lisa y uniforme al tacto, lo que la hace ideal tanto para proyectos residenciales como comerciales. Adem\u00e1s, su propiedad antideslizante la convierte en una opci\u00f3n segura y confiable para \u00e1reas donde la humedad es una preocupaci\u00f3n.  El ANTI-SLIP ILLINOIS WHITE RECT 100X100 no solo embellece, sino que tambi\u00e9n brinda tranquilidad y confort en cada paso.<\/p><p>M\u00e1s all\u00e1 de su est\u00e9tica, esta baldosa destaca por su resistencia y durabilidad, propias del porcel\u00e1nico.  Su gran formato minimiza las juntas, creando una sensaci\u00f3n de continuidad visual que ampl\u00eda los espacios y facilita la limpieza.  La colecci\u00f3n <a href='https:\/\/tilefly.com\/producto\/illinois'>ILLINOIS<\/a> se centra en la belleza atemporal del cemento, ofreciendo dise\u00f1os impresionantes que se adaptan a una amplia gama de estilos decorativos. El ANTI-SLIP ILLINOIS WHITE RECT 100X100 es la elecci\u00f3n perfecta para quienes buscan un equilibrio entre est\u00e9tica, funcionalidad y seguridad.<\/p>","protected":false},"excerpt":{"rendered":"<p>ANTI-SLIP ILLINOIS WHITE RECT 100X100Descubre la elegancia y funcionalidad del ANTI-SLIP ILLINOIS WHITE RECT 100X100, una baldosa porcel\u00e1nica que redefine los espacios con su est\u00e9tica inspirada en el cemento. Su tonalidad blanca, sutilmente matizada, evoca la pureza y la modernidad, integr\u00e1ndose a la perfecci\u00f3n en ambientes minimalistas e industriales. El acabado mate de esta pieza [&hellip;]<\/p>\n","protected":false},"featured_media":567198,"comment_status":"open","ping_status":"closed","template":"","meta":[],"product_brand":[],"product_cat":[303,305,306,304],"product_tag":[],"class_list":{"0":"post-567210","1":"product","2":"type-product","3":"status-publish","4":"has-post-thumbnail","6":"product_cat-baldosas","7":"product_cat-banos","8":"product_cat-cocina","9":"product_cat-revestimiento","11":"first","12":"outofstock","13":"shipping-taxable","14":"purchasable","15":"product-type-simple"},"_links":{"self":[{"href":"https:\/\/tilefly.com\/es\/wp-json\/wp\/v2\/product\/567210","targetHints":{"allow":["GET"]}}],"collection":[{"href":"https:\/\/tilefly.com\/es\/wp-json\/wp\/v2\/product"}],"about":[{"href":"https:\/\/tilefly.com\/es\/wp-json\/wp\/v2\/types\/product"}],"replies":[{"embeddable":true,"href":"https:\/\/tilefly.com\/es\/wp-json\/wp\/v2\/comments?post=567210"}],"wp:featuredmedia":[{"embeddable":true,"href":"https:\/\/tilefly.com\/es\/wp-json\/wp\/v2\/media\/567198"}],"wp:attachment":[{"href":"https:\/\/tilefly.com\/es\/wp-json\/wp\/v2\/media?parent=567210"}],"wp:term":[{"taxonomy":"product_brand","embeddable":true,"href":"https:\/\/tilefly.com\/es\/wp-json\/wp\/v2\/product_brand?post=567210"},{"taxonomy":"product_cat","embeddable":true,"href":"https:\/\/tilefly.com\/es\/wp-json\/wp\/v2\/product_cat?post=567210"},{"taxonomy":"product_tag","embeddable":true,"href":"https:\/\/tilefly.com\/es\/wp-json\/wp\/v2\/product_tag?post=567210"}],"curies":[{"name":"wp","href":"https:\/\/api.w.org\/{rel}","templated":true}]}}