{"id":566785,"date":"2025-02-24T19:44:29","date_gmt":"2025-02-24T18:44:29","guid":{"rendered":"https:\/\/tilefly.com\/producto\/himalayas-katmandu-15x15\/"},"modified":"2025-10-29T09:41:35","modified_gmt":"2025-10-29T08:41:35","slug":"himalayas-katmandu-15x15","status":"publish","type":"product","link":"https:\/\/tilefly.com\/es\/producto\/himalayas-katmandu-15x15\/","title":{"rendered":"HIMALAYAS KATMANDU 15X15"},"content":{"rendered":"<h2><strong>HIMALAYAS KATMANDU 15X15<\/strong><\/h2><p>Descubre la magia de la colecci\u00f3n <a href='https:\/\/tilefly.com\/producto\/himalayas'>HIMALAYAS<\/a> con la baldosa KATMANDU 15X15, una pieza que captura la esencia de la labradorita y la traslada a tus espacios. Sum\u00e9rgete en un mundo de colores vibrantes y efectos visuales sorprendentes con esta baldosa porcel\u00e1nica de alta calidad. El color verde agua, predominante en su dise\u00f1o, se mezcla con suaves tonos blancos, creando un efecto de remolino que evoca la belleza del mar. Sus variaciones de color y textura, cuidadosamente dise\u00f1adas, le confieren un aspecto natural y org\u00e1nico, mientras que su acabado brillante refleja la luz, resaltando cada detalle y creando una atm\u00f3sfera elegante y moderna. Ideal para suelos y paredes interiores, esta baldosa transformar\u00e1 cualquier espacio en un oasis de estilo y sofisticaci\u00f3n.<\/p><p>Con un formato de 15&#215;15 cm, la baldosa KATMANDU es perfecta para crear patrones y dise\u00f1os personalizados. Su material porcel\u00e1nico garantiza una alta resistencia al desgaste y a las manchas, lo que la convierte en una opci\u00f3n ideal para zonas de alto tr\u00e1fico. Adem\u00e1s, su f\u00e1cil limpieza y mantenimiento te permitir\u00e1n disfrutar de su belleza durante muchos a\u00f1os. Esta baldosa no es rectificada, lo que le confiere un aspecto m\u00e1s artesanal y aut\u00e9ntico.<\/p><p>D\u00e9jate inspirar por la belleza de la naturaleza y crea espacios \u00fanicos y llenos de personalidad con la baldosa HIMALAYAS KATMANDU. Su dise\u00f1o vers\u00e1til y atemporal la convierte en una opci\u00f3n perfecta para cualquier estilo decorativo, desde el m\u00e1s cl\u00e1sico hasta el m\u00e1s moderno. Atr\u00e9vete a experimentar y a crear combinaciones audaces que reflejen tu propio estilo. Con esta baldosa, tus espacios se convertir\u00e1n en una expresi\u00f3n de tu individualidad.<\/p>","protected":false},"excerpt":{"rendered":"<p>HIMALAYAS KATMANDU 15X15Descubre la magia de la colecci\u00f3n HIMALAYAS con la baldosa KATMANDU 15X15, una pieza que captura la esencia de la labradorita y la traslada a tus espacios. Sum\u00e9rgete en un mundo de colores vibrantes y efectos visuales sorprendentes con esta baldosa porcel\u00e1nica de alta calidad. El color verde agua, predominante en su dise\u00f1o, [&hellip;]<\/p>\n","protected":false},"featured_media":566773,"comment_status":"open","ping_status":"closed","template":"","meta":[],"product_brand":[],"product_cat":[456,457,458,459],"product_tag":[],"class_list":{"0":"post-566785","1":"product","2":"type-product","3":"status-publish","4":"has-post-thumbnail","6":"product_cat-vohnzimmer","7":"product_cat-badezimmer","8":"product_cat-kuchen","9":"product_cat-wandfliesen","11":"first","12":"instock","13":"shipping-taxable","14":"purchasable","15":"product-type-simple"},"_links":{"self":[{"href":"https:\/\/tilefly.com\/es\/wp-json\/wp\/v2\/product\/566785","targetHints":{"allow":["GET"]}}],"collection":[{"href":"https:\/\/tilefly.com\/es\/wp-json\/wp\/v2\/product"}],"about":[{"href":"https:\/\/tilefly.com\/es\/wp-json\/wp\/v2\/types\/product"}],"replies":[{"embeddable":true,"href":"https:\/\/tilefly.com\/es\/wp-json\/wp\/v2\/comments?post=566785"}],"wp:featuredmedia":[{"embeddable":true,"href":"https:\/\/tilefly.com\/es\/wp-json\/wp\/v2\/media\/566773"}],"wp:attachment":[{"href":"https:\/\/tilefly.com\/es\/wp-json\/wp\/v2\/media?parent=566785"}],"wp:term":[{"taxonomy":"product_brand","embeddable":true,"href":"https:\/\/tilefly.com\/es\/wp-json\/wp\/v2\/product_brand?post=566785"},{"taxonomy":"product_cat","embeddable":true,"href":"https:\/\/tilefly.com\/es\/wp-json\/wp\/v2\/product_cat?post=566785"},{"taxonomy":"product_tag","embeddable":true,"href":"https:\/\/tilefly.com\/es\/wp-json\/wp\/v2\/product_tag?post=566785"}],"curies":[{"name":"wp","href":"https:\/\/api.w.org\/{rel}","templated":true}]}}