{"id":553339,"date":"2025-02-20T23:40:49","date_gmt":"2025-02-20T22:40:49","guid":{"rendered":"https:\/\/tilefly.com\/producto\/shoji-dakar-rect-30x90\/"},"modified":"2025-10-29T09:41:06","modified_gmt":"2025-10-29T08:41:06","slug":"shoji-dakar-rect-30x90","status":"publish","type":"product","link":"https:\/\/tilefly.com\/es\/producto\/shoji-dakar-rect-30x90\/","title":{"rendered":"SHOJI DAKAR RECT 30X90"},"content":{"rendered":"<h2><strong>SHOJI DAKAR RECT 30X90<\/strong><\/h2><p>Descubre la elegancia r\u00fastica y la calidez natural con SHOJI DAKAR RECT 30X90, una baldosa que redefine el concepto de revestimiento. Su dise\u00f1o, inspirado en la belleza de la madera, presenta tablones horizontales en un suave color marr\u00f3n claro o beige, realzados por vetas y texturas que imitan a la perfecci\u00f3n la apariencia natural de la madera. Las delicadas l\u00edneas en crema entre cada tabl\u00f3n acent\u00faan la separaci\u00f3n, creando un efecto visual cautivador de listones individuales.<\/p><p>Con un formato de 30&#215;90 cm y bordes rectificados, esta baldosa de pasta blanca ofrece una instalaci\u00f3n precisa y un acabado impecable. Su acabado mate proporciona un aspecto natural y sin brillos, ideal para espacios que buscan un ambiente acogedor y sereno.  A pesar de su inspiraci\u00f3n en la madera, SHOJI DAKAR tambi\u00e9n evoca sutiles reminiscencias del cemento y la piedra, fusionando lo mejor de estos materiales en un dise\u00f1o \u00fanico y vers\u00e1til.<\/p><p>Perfecta para revestir paredes en espacios de estilo r\u00fastico, n\u00f3rdico o moderno, esta baldosa aportar\u00e1 un toque c\u00e1lido y natural a cualquier ambiente.  Su f\u00e1cil mantenimiento y durabilidad la convierten en una opci\u00f3n ideal para hogares y proyectos comerciales. Atr\u00e9vete a transformar tus espacios con la colecci\u00f3n <a href='https:\/\/tilefly.com\/producto\/kinfolk'>KINFOLK<\/a> y experimenta la armon\u00eda entre la naturaleza y el dise\u00f1o.<\/p>","protected":false},"excerpt":{"rendered":"<p>SHOJI DAKAR RECT 30X90Descubre la elegancia r\u00fastica y la calidez natural con SHOJI DAKAR RECT 30X90, una baldosa que redefine el concepto de revestimiento. Su dise\u00f1o, inspirado en la belleza de la madera, presenta tablones horizontales en un suave color marr\u00f3n claro o beige, realzados por vetas y texturas que imitan a la perfecci\u00f3n la [&hellip;]<\/p>\n","protected":false},"featured_media":553327,"comment_status":"open","ping_status":"closed","template":"","meta":[],"product_brand":[],"product_cat":[305,306,304],"product_tag":[],"class_list":{"0":"post-553339","1":"product","2":"type-product","3":"status-publish","4":"has-post-thumbnail","6":"product_cat-banos","7":"product_cat-cocina","8":"product_cat-revestimiento","10":"first","11":"instock","12":"shipping-taxable","13":"purchasable","14":"product-type-simple"},"_links":{"self":[{"href":"https:\/\/tilefly.com\/es\/wp-json\/wp\/v2\/product\/553339","targetHints":{"allow":["GET"]}}],"collection":[{"href":"https:\/\/tilefly.com\/es\/wp-json\/wp\/v2\/product"}],"about":[{"href":"https:\/\/tilefly.com\/es\/wp-json\/wp\/v2\/types\/product"}],"replies":[{"embeddable":true,"href":"https:\/\/tilefly.com\/es\/wp-json\/wp\/v2\/comments?post=553339"}],"wp:featuredmedia":[{"embeddable":true,"href":"https:\/\/tilefly.com\/es\/wp-json\/wp\/v2\/media\/553327"}],"wp:attachment":[{"href":"https:\/\/tilefly.com\/es\/wp-json\/wp\/v2\/media?parent=553339"}],"wp:term":[{"taxonomy":"product_brand","embeddable":true,"href":"https:\/\/tilefly.com\/es\/wp-json\/wp\/v2\/product_brand?post=553339"},{"taxonomy":"product_cat","embeddable":true,"href":"https:\/\/tilefly.com\/es\/wp-json\/wp\/v2\/product_cat?post=553339"},{"taxonomy":"product_tag","embeddable":true,"href":"https:\/\/tilefly.com\/es\/wp-json\/wp\/v2\/product_tag?post=553339"}],"curies":[{"name":"wp","href":"https:\/\/api.w.org\/{rel}","templated":true}]}}