{"id":553131,"date":"2025-02-20T23:36:21","date_gmt":"2025-02-20T22:36:21","guid":{"rendered":"https:\/\/tilefly.com\/producto\/chevron-kinwood-cedar-85x44\/"},"modified":"2025-10-29T09:40:54","modified_gmt":"2025-10-29T08:40:54","slug":"chevron-kinwood-cedar-85x44","status":"publish","type":"product","link":"https:\/\/tilefly.com\/es\/producto\/chevron-kinwood-cedar-85x44\/","title":{"rendered":"CHEVRON KINWOOD CEDAR 8,5X44"},"content":{"rendered":"<h2><strong>CHEVRON KINWOOD CEDAR 8,5X44<\/strong><\/h2><p>Descubre la calidez y naturalidad del CHEVRON KINWOOD CEDAR 8,5X44, una baldosa porcel\u00e1nica que redefine la est\u00e9tica de tus espacios. Con su color marr\u00f3n que evoca la madera de cedro, esta pieza aporta un toque r\u00fastico y acogedor a cualquier ambiente. Su formato de 8,5&#215;44, dise\u00f1ado para imitar las duelas de madera, permite crear patrones de espiga o chevron, a\u00f1adiendo dinamismo y elegancia a tus suelos y paredes.<\/p><p>La textura mate de esta baldosa no solo es agradable al tacto, sino que tambi\u00e9n proporciona una superficie antideslizante, ideal para \u00e1reas de alto tr\u00e1fico. Aunque no es rectificada, su dise\u00f1o preciso asegura una instalaci\u00f3n sencilla y un acabado impecable. El CHEVRON KINWOOD CEDAR es perfecto para aquellos que buscan la belleza de la madera sin renunciar a la durabilidad y facilidad de mantenimiento del porcel\u00e1nico. Su versatilidad la convierte en una opci\u00f3n excelente para salones, cocinas, ba\u00f1os e incluso espacios exteriores protegidos.<\/p><p>Inspirada en la filosof\u00eda slow life, la serie <a href='https:\/\/tilefly.com\/producto\/kinfolk'>KINFOLK<\/a> se caracteriza por el uso de elementos cl\u00e1sicos con un componente r\u00fastico de tendencia n\u00f3rdica e industrial. El dise\u00f1o de imitaci\u00f3n madera de esta baldosa ofrece una soluci\u00f3n pr\u00e1ctica y est\u00e9tica para renovar tus espacios con un toque natural y sofisticado. Transforma tu hogar con la belleza atemporal del CHEVRON KINWOOD CEDAR.<\/p>","protected":false},"excerpt":{"rendered":"<p>CHEVRON KINWOOD CEDAR 8,5X44Descubre la calidez y naturalidad del CHEVRON KINWOOD CEDAR 8,5X44, una baldosa porcel\u00e1nica que redefine la est\u00e9tica de tus espacios. Con su color marr\u00f3n que evoca la madera de cedro, esta pieza aporta un toque r\u00fastico y acogedor a cualquier ambiente. Su formato de 8,5&#215;44, dise\u00f1ado para imitar las duelas de madera, [&hellip;]<\/p>\n","protected":false},"featured_media":553119,"comment_status":"open","ping_status":"closed","template":"","meta":[],"product_brand":[],"product_cat":[303,305,306,304],"product_tag":[],"class_list":{"0":"post-553131","1":"product","2":"type-product","3":"status-publish","4":"has-post-thumbnail","6":"product_cat-baldosas","7":"product_cat-banos","8":"product_cat-cocina","9":"product_cat-revestimiento","11":"first","12":"instock","13":"shipping-taxable","14":"purchasable","15":"product-type-simple"},"_links":{"self":[{"href":"https:\/\/tilefly.com\/es\/wp-json\/wp\/v2\/product\/553131","targetHints":{"allow":["GET"]}}],"collection":[{"href":"https:\/\/tilefly.com\/es\/wp-json\/wp\/v2\/product"}],"about":[{"href":"https:\/\/tilefly.com\/es\/wp-json\/wp\/v2\/types\/product"}],"replies":[{"embeddable":true,"href":"https:\/\/tilefly.com\/es\/wp-json\/wp\/v2\/comments?post=553131"}],"wp:featuredmedia":[{"embeddable":true,"href":"https:\/\/tilefly.com\/es\/wp-json\/wp\/v2\/media\/553119"}],"wp:attachment":[{"href":"https:\/\/tilefly.com\/es\/wp-json\/wp\/v2\/media?parent=553131"}],"wp:term":[{"taxonomy":"product_brand","embeddable":true,"href":"https:\/\/tilefly.com\/es\/wp-json\/wp\/v2\/product_brand?post=553131"},{"taxonomy":"product_cat","embeddable":true,"href":"https:\/\/tilefly.com\/es\/wp-json\/wp\/v2\/product_cat?post=553131"},{"taxonomy":"product_tag","embeddable":true,"href":"https:\/\/tilefly.com\/es\/wp-json\/wp\/v2\/product_tag?post=553131"}],"curies":[{"name":"wp","href":"https:\/\/api.w.org\/{rel}","templated":true}]}}