{"id":552662,"date":"2025-02-14T18:50:25","date_gmt":"2025-02-14T17:50:25","guid":{"rendered":"https:\/\/tilefly.com\/producto\/casale-grafite-rect-90x90\/"},"modified":"2025-10-29T09:40:49","modified_gmt":"2025-10-29T08:40:49","slug":"casale-grafite-rect-90x90","status":"publish","type":"product","link":"https:\/\/tilefly.com\/es\/producto\/casale-grafite-rect-90x90\/","title":{"rendered":"CASALE GRAFITE RECT 90X90"},"content":{"rendered":"<h2><strong>CASALE GRAFITE RECT 90X90<\/strong><\/h2><p>La baldosa CASALE GRAFITE RECT 90X90 aporta un toque de sofisticaci\u00f3n moderna y audaz con su intenso color gris grafito. Su gran formato de 90&#215;90 cm, rectificado para una perfecta alineaci\u00f3n, crea una sensaci\u00f3n de amplitud y continuidad en cualquier espacio.  Fabricada en porcel\u00e1nico de alta calidad, esta baldosa con acabado mate es extremadamente resistente y duradera, perfecta para suelos de alto tr\u00e1nsito. Su dise\u00f1o contempor\u00e1neo se inspira en la tradici\u00f3n artesanal italiana, reinterpret\u00e1ndola con un toque de modernidad, como se aprecia en toda la serie <a href='https:\/\/tilefly.com\/producto\/antico-casale\/'>Antico Casale<\/a>.<\/p>","protected":false},"excerpt":{"rendered":"<p>CASALE GRAFITE RECT 90X90La baldosa CASALE GRAFITE RECT 90X90 aporta un toque de sofisticaci\u00f3n moderna y audaz con su intenso color gris grafito. Su gran formato de 90&#215;90 cm, rectificado para una perfecta alineaci\u00f3n, crea una sensaci\u00f3n de amplitud y continuidad en cualquier espacio. Fabricada en porcel\u00e1nico de alta calidad, esta baldosa con acabado mate [&hellip;]<\/p>\n","protected":false},"featured_media":552650,"comment_status":"open","ping_status":"closed","template":"","meta":[],"product_brand":[],"product_cat":[303,305,306,304],"product_tag":[],"class_list":{"0":"post-552662","1":"product","2":"type-product","3":"status-publish","4":"has-post-thumbnail","6":"product_cat-baldosas","7":"product_cat-banos","8":"product_cat-cocina","9":"product_cat-revestimiento","11":"first","12":"instock","13":"shipping-taxable","14":"purchasable","15":"product-type-simple"},"_links":{"self":[{"href":"https:\/\/tilefly.com\/es\/wp-json\/wp\/v2\/product\/552662","targetHints":{"allow":["GET"]}}],"collection":[{"href":"https:\/\/tilefly.com\/es\/wp-json\/wp\/v2\/product"}],"about":[{"href":"https:\/\/tilefly.com\/es\/wp-json\/wp\/v2\/types\/product"}],"replies":[{"embeddable":true,"href":"https:\/\/tilefly.com\/es\/wp-json\/wp\/v2\/comments?post=552662"}],"wp:featuredmedia":[{"embeddable":true,"href":"https:\/\/tilefly.com\/es\/wp-json\/wp\/v2\/media\/552650"}],"wp:attachment":[{"href":"https:\/\/tilefly.com\/es\/wp-json\/wp\/v2\/media?parent=552662"}],"wp:term":[{"taxonomy":"product_brand","embeddable":true,"href":"https:\/\/tilefly.com\/es\/wp-json\/wp\/v2\/product_brand?post=552662"},{"taxonomy":"product_cat","embeddable":true,"href":"https:\/\/tilefly.com\/es\/wp-json\/wp\/v2\/product_cat?post=552662"},{"taxonomy":"product_tag","embeddable":true,"href":"https:\/\/tilefly.com\/es\/wp-json\/wp\/v2\/product_tag?post=552662"}],"curies":[{"name":"wp","href":"https:\/\/api.w.org\/{rel}","templated":true}]}}