{"id":551838,"date":"2025-02-14T13:51:01","date_gmt":"2025-02-14T12:51:01","guid":{"rendered":"https:\/\/tilefly.com\/producto\/hexagon-onyx-slow-139x16\/"},"modified":"2025-10-29T09:38:57","modified_gmt":"2025-10-29T08:38:57","slug":"hexagon-onyx-slow-139x16","status":"publish","type":"product","link":"https:\/\/tilefly.com\/es\/producto\/hexagon-onyx-slow-139x16\/","title":{"rendered":"HEXAGON ONYX SLOW 13,9X16"},"content":{"rendered":"<h2><strong>HEXAGON ONYX SLOW 13,9X16<\/strong><\/h2><p>HEXAGON ONYX SLOW 13,9X16 de la serie <a href='https:\/\/tilefly.com\/producto\/tonality\/'>TONALITY<\/a>, con su formato hexagonal y dise\u00f1o que imita la piedra Onyx en tonos grises y acabado mate, es ideal para crear ambientes modernos y sofisticados. Esta baldosa porcel\u00e1nica de 13,9&#215;16 cm aporta un toque de elegancia natural a cualquier espacio. Imagine un ba\u00f1o con paredes revestidas en este mosaico, creando un ambiente relajante y minimalista, o un sal\u00f3n con un rinc\u00f3n revestido que invite a la lectura y la conversaci\u00f3n.<\/p>","protected":false},"excerpt":{"rendered":"<p>HEXAGON ONYX SLOW 13,9X16HEXAGON ONYX SLOW 13,9X16 de la serie TONALITY, con su formato hexagonal y dise\u00f1o que imita la piedra Onyx en tonos grises y acabado mate, es ideal para crear ambientes modernos y sofisticados. Esta baldosa porcel\u00e1nica de 13,9&#215;16 cm aporta un toque de elegancia natural a cualquier espacio. Imagine un ba\u00f1o con [&hellip;]<\/p>\n","protected":false},"featured_media":551826,"comment_status":"open","ping_status":"closed","template":"","meta":[],"product_brand":[],"product_cat":[303,305,306,304],"product_tag":[],"class_list":{"0":"post-551838","1":"product","2":"type-product","3":"status-publish","4":"has-post-thumbnail","6":"product_cat-baldosas","7":"product_cat-banos","8":"product_cat-cocina","9":"product_cat-revestimiento","11":"first","12":"instock","13":"shipping-taxable","14":"purchasable","15":"product-type-simple"},"_links":{"self":[{"href":"https:\/\/tilefly.com\/es\/wp-json\/wp\/v2\/product\/551838","targetHints":{"allow":["GET"]}}],"collection":[{"href":"https:\/\/tilefly.com\/es\/wp-json\/wp\/v2\/product"}],"about":[{"href":"https:\/\/tilefly.com\/es\/wp-json\/wp\/v2\/types\/product"}],"replies":[{"embeddable":true,"href":"https:\/\/tilefly.com\/es\/wp-json\/wp\/v2\/comments?post=551838"}],"wp:featuredmedia":[{"embeddable":true,"href":"https:\/\/tilefly.com\/es\/wp-json\/wp\/v2\/media\/551826"}],"wp:attachment":[{"href":"https:\/\/tilefly.com\/es\/wp-json\/wp\/v2\/media?parent=551838"}],"wp:term":[{"taxonomy":"product_brand","embeddable":true,"href":"https:\/\/tilefly.com\/es\/wp-json\/wp\/v2\/product_brand?post=551838"},{"taxonomy":"product_cat","embeddable":true,"href":"https:\/\/tilefly.com\/es\/wp-json\/wp\/v2\/product_cat?post=551838"},{"taxonomy":"product_tag","embeddable":true,"href":"https:\/\/tilefly.com\/es\/wp-json\/wp\/v2\/product_tag?post=551838"}],"curies":[{"name":"wp","href":"https:\/\/api.w.org\/{rel}","templated":true}]}}