{"id":551812,"date":"2025-02-14T13:50:45","date_gmt":"2025-02-14T12:50:45","guid":{"rendered":"https:\/\/tilefly.com\/producto\/jasmine-day-15x15\/"},"modified":"2026-04-12T04:16:33","modified_gmt":"2026-04-12T02:16:33","slug":"jasmine-day-15x15","status":"publish","type":"product","link":"https:\/\/tilefly.com\/es\/producto\/jasmine-day-15x15\/","title":{"rendered":"JASMINE DAY 15X15"},"content":{"rendered":"<h2><strong>JASMINE DAY 15X15<\/strong><\/h2><p>JASMINE DAY 15X15 de la serie <a href='https:\/\/tilefly.com\/producto\/tonality\/'>TONALITY<\/a>, con su dise\u00f1o floral en tonos negros y acabado mate, aporta un toque de elegancia y sofisticaci\u00f3n a cualquier ambiente. Esta baldosa porcel\u00e1nica de 15&#215;15 cm es perfecta para crear contrastes y ambientes con car\u00e1cter. Imagine un sal\u00f3n con detalles revestidos en este mosaico, creando un punto focal que atraiga todas las miradas, o un espacio comercial que destaque por su originalidad y estilo.<\/p>","protected":false},"excerpt":{"rendered":"<p>JASMINE DAY 15X15JASMINE DAY 15X15 de la serie TONALITY, con su dise\u00f1o floral en tonos negros y acabado mate, aporta un toque de elegancia y sofisticaci\u00f3n a cualquier ambiente. Esta baldosa porcel\u00e1nica de 15&#215;15 cm es perfecta para crear contrastes y ambientes con car\u00e1cter. Imagine un sal\u00f3n con detalles revestidos en este mosaico, creando un [&hellip;]<\/p>\n","protected":false},"featured_media":551800,"comment_status":"open","ping_status":"closed","template":"","meta":[],"product_brand":[],"product_cat":[303,305,306,304],"product_tag":[],"class_list":{"0":"post-551812","1":"product","2":"type-product","3":"status-publish","4":"has-post-thumbnail","6":"product_cat-baldosas","7":"product_cat-banos","8":"product_cat-cocina","9":"product_cat-revestimiento","11":"first","12":"instock","13":"shipping-taxable","14":"purchasable","15":"product-type-simple"},"_links":{"self":[{"href":"https:\/\/tilefly.com\/es\/wp-json\/wp\/v2\/product\/551812","targetHints":{"allow":["GET"]}}],"collection":[{"href":"https:\/\/tilefly.com\/es\/wp-json\/wp\/v2\/product"}],"about":[{"href":"https:\/\/tilefly.com\/es\/wp-json\/wp\/v2\/types\/product"}],"replies":[{"embeddable":true,"href":"https:\/\/tilefly.com\/es\/wp-json\/wp\/v2\/comments?post=551812"}],"wp:featuredmedia":[{"embeddable":true,"href":"https:\/\/tilefly.com\/es\/wp-json\/wp\/v2\/media\/551800"}],"wp:attachment":[{"href":"https:\/\/tilefly.com\/es\/wp-json\/wp\/v2\/media?parent=551812"}],"wp:term":[{"taxonomy":"product_brand","embeddable":true,"href":"https:\/\/tilefly.com\/es\/wp-json\/wp\/v2\/product_brand?post=551812"},{"taxonomy":"product_cat","embeddable":true,"href":"https:\/\/tilefly.com\/es\/wp-json\/wp\/v2\/product_cat?post=551812"},{"taxonomy":"product_tag","embeddable":true,"href":"https:\/\/tilefly.com\/es\/wp-json\/wp\/v2\/product_tag?post=551812"}],"curies":[{"name":"wp","href":"https:\/\/api.w.org\/{rel}","templated":true}]}}