{"id":551799,"date":"2025-02-14T13:50:29","date_gmt":"2025-02-14T12:50:29","guid":{"rendered":"https:\/\/tilefly.com\/producto\/violet-day-15x15\/"},"modified":"2025-11-22T04:15:53","modified_gmt":"2025-11-22T03:15:53","slug":"violet-day-15x15","status":"publish","type":"product","link":"https:\/\/tilefly.com\/es\/producto\/violet-day-15x15\/","title":{"rendered":"VIOLET DAY 15X15"},"content":{"rendered":"<h2><strong>VIOLET DAY 15X15<\/strong><\/h2><p>VIOLET DAY 15X15 de la serie <a href='https:\/\/tilefly.com\/producto\/tonality\/'>TONALITY<\/a> irradia vitalidad y optimismo con su dise\u00f1o floral en tonos violetas y acabado mate. Esta baldosa porcel\u00e1nica de 15&#215;15 cm captura la luminosidad del d\u00eda, ideal para espacios que buscan transmitir alegr\u00eda y frescura. Imagine un ba\u00f1o con paredes revestidas en este mosaico, transformando el espacio en un oasis de energ\u00eda, o una cocina que invite a la creatividad culinaria gracias a su atm\u00f3sfera inspiradora.<\/p>","protected":false},"excerpt":{"rendered":"<p>VIOLET DAY 15X15VIOLET DAY 15X15 de la serie TONALITY irradia vitalidad y optimismo con su dise\u00f1o floral en tonos violetas y acabado mate. Esta baldosa porcel\u00e1nica de 15&#215;15 cm captura la luminosidad del d\u00eda, ideal para espacios que buscan transmitir alegr\u00eda y frescura. Imagine un ba\u00f1o con paredes revestidas en este mosaico, transformando el espacio [&hellip;]<\/p>\n","protected":false},"featured_media":551787,"comment_status":"open","ping_status":"closed","template":"","meta":[],"product_brand":[],"product_cat":[303,305,306,304],"product_tag":[],"class_list":{"0":"post-551799","1":"product","2":"type-product","3":"status-publish","4":"has-post-thumbnail","6":"product_cat-baldosas","7":"product_cat-banos","8":"product_cat-cocina","9":"product_cat-revestimiento","11":"first","12":"instock","13":"shipping-taxable","14":"purchasable","15":"product-type-simple"},"_links":{"self":[{"href":"https:\/\/tilefly.com\/es\/wp-json\/wp\/v2\/product\/551799","targetHints":{"allow":["GET"]}}],"collection":[{"href":"https:\/\/tilefly.com\/es\/wp-json\/wp\/v2\/product"}],"about":[{"href":"https:\/\/tilefly.com\/es\/wp-json\/wp\/v2\/types\/product"}],"replies":[{"embeddable":true,"href":"https:\/\/tilefly.com\/es\/wp-json\/wp\/v2\/comments?post=551799"}],"wp:featuredmedia":[{"embeddable":true,"href":"https:\/\/tilefly.com\/es\/wp-json\/wp\/v2\/media\/551787"}],"wp:attachment":[{"href":"https:\/\/tilefly.com\/es\/wp-json\/wp\/v2\/media?parent=551799"}],"wp:term":[{"taxonomy":"product_brand","embeddable":true,"href":"https:\/\/tilefly.com\/es\/wp-json\/wp\/v2\/product_brand?post=551799"},{"taxonomy":"product_cat","embeddable":true,"href":"https:\/\/tilefly.com\/es\/wp-json\/wp\/v2\/product_cat?post=551799"},{"taxonomy":"product_tag","embeddable":true,"href":"https:\/\/tilefly.com\/es\/wp-json\/wp\/v2\/product_tag?post=551799"}],"curies":[{"name":"wp","href":"https:\/\/api.w.org\/{rel}","templated":true}]}}