{"id":551786,"date":"2025-02-14T13:50:22","date_gmt":"2025-02-14T12:50:22","guid":{"rendered":"https:\/\/tilefly.com\/producto\/pansy-night-15x15\/"},"modified":"2025-10-29T09:38:55","modified_gmt":"2025-10-29T08:38:55","slug":"pansy-night-15x15","status":"publish","type":"product","link":"https:\/\/tilefly.com\/es\/producto\/pansy-night-15x15\/","title":{"rendered":"PANSY NIGHT 15X15"},"content":{"rendered":"<h2><strong>PANSY NIGHT 15X15<\/strong><\/h2><p>PANSY NIGHT 15X15 de la serie <a href='https:\/\/tilefly.com\/producto\/tonality\/'>TONALITY<\/a> es una declaraci\u00f3n de estilo audaz y sofisticado. Esta baldosa porcel\u00e1nica de 15&#215;15 cm, decorada con un dise\u00f1o floral en tonos negros y acabado mate, aporta dramatismo y elegancia a cualquier espacio. Su contraste de colores crea un efecto visual impactante, ideal para espacios que buscan diferenciarse y expresar una personalidad \u00fanica. Imagine un recibidor con una pared revestida en este mosaico, dando la bienvenida a los invitados con un toque de misterio y sofisticaci\u00f3n, o un espacio comercial que atraiga todas las miradas con su originalidad y estilo.<\/p>","protected":false},"excerpt":{"rendered":"<p>PANSY NIGHT 15X15PANSY NIGHT 15X15 de la serie TONALITY es una declaraci\u00f3n de estilo audaz y sofisticado. Esta baldosa porcel\u00e1nica de 15&#215;15 cm, decorada con un dise\u00f1o floral en tonos negros y acabado mate, aporta dramatismo y elegancia a cualquier espacio. Su contraste de colores crea un efecto visual impactante, ideal para espacios que buscan [&hellip;]<\/p>\n","protected":false},"featured_media":551774,"comment_status":"open","ping_status":"closed","template":"","meta":[],"product_brand":[],"product_cat":[303,305,306,304],"product_tag":[],"class_list":{"0":"post-551786","1":"product","2":"type-product","3":"status-publish","4":"has-post-thumbnail","6":"product_cat-baldosas","7":"product_cat-banos","8":"product_cat-cocina","9":"product_cat-revestimiento","11":"first","12":"instock","13":"shipping-taxable","14":"purchasable","15":"product-type-simple"},"_links":{"self":[{"href":"https:\/\/tilefly.com\/es\/wp-json\/wp\/v2\/product\/551786","targetHints":{"allow":["GET"]}}],"collection":[{"href":"https:\/\/tilefly.com\/es\/wp-json\/wp\/v2\/product"}],"about":[{"href":"https:\/\/tilefly.com\/es\/wp-json\/wp\/v2\/types\/product"}],"replies":[{"embeddable":true,"href":"https:\/\/tilefly.com\/es\/wp-json\/wp\/v2\/comments?post=551786"}],"wp:featuredmedia":[{"embeddable":true,"href":"https:\/\/tilefly.com\/es\/wp-json\/wp\/v2\/media\/551774"}],"wp:attachment":[{"href":"https:\/\/tilefly.com\/es\/wp-json\/wp\/v2\/media?parent=551786"}],"wp:term":[{"taxonomy":"product_brand","embeddable":true,"href":"https:\/\/tilefly.com\/es\/wp-json\/wp\/v2\/product_brand?post=551786"},{"taxonomy":"product_cat","embeddable":true,"href":"https:\/\/tilefly.com\/es\/wp-json\/wp\/v2\/product_cat?post=551786"},{"taxonomy":"product_tag","embeddable":true,"href":"https:\/\/tilefly.com\/es\/wp-json\/wp\/v2\/product_tag?post=551786"}],"curies":[{"name":"wp","href":"https:\/\/api.w.org\/{rel}","templated":true}]}}