{"id":551498,"date":"2025-02-14T12:52:49","date_gmt":"2025-02-14T11:52:49","guid":{"rendered":"https:\/\/tilefly.com\/producto\/bend-20x20\/"},"modified":"2025-10-29T09:38:31","modified_gmt":"2025-10-29T08:38:31","slug":"bend-20x20","status":"publish","type":"product","link":"https:\/\/tilefly.com\/es\/producto\/bend-20x20\/","title":{"rendered":"BEND 20X20"},"content":{"rendered":"<h2><strong>BEND 20X20<\/strong><\/h2><p>El modelo BEND 20X20 de la colecci\u00f3n <a href='https:\/\/tilefly.com\/producto\/esencia-materia\/'>Esencia Materia<\/a> te ofrece la pureza y la luminosidad del color blanco en un pavimento porcel\u00e1nico de gran versatilidad. Su formato de 20&#215;20 cm y su dise\u00f1o atemporal se adaptan a cualquier estilo decorativo, aportando amplitud y serenidad a tus espacios. El acabado mate, sobrio y elegante, realza la belleza del material, mientras que su propiedad antideslizante garantiza seguridad y confort en tu hogar. BEND 20X20 es la elecci\u00f3n ideal para quienes buscan un dise\u00f1o vers\u00e1til y elegante, que transmita luminosidad y sofisticaci\u00f3n.<\/p>","protected":false},"excerpt":{"rendered":"<p>BEND 20X20El modelo BEND 20X20 de la colecci\u00f3n Esencia Materia te ofrece la pureza y la luminosidad del color blanco en un pavimento porcel\u00e1nico de gran versatilidad. Su formato de 20&#215;20 cm y su dise\u00f1o atemporal se adaptan a cualquier estilo decorativo, aportando amplitud y serenidad a tus espacios. El acabado mate, sobrio y elegante, [&hellip;]<\/p>\n","protected":false},"featured_media":551486,"comment_status":"open","ping_status":"closed","template":"","meta":[],"product_brand":[],"product_cat":[303,305,306,304],"product_tag":[],"class_list":{"0":"post-551498","1":"product","2":"type-product","3":"status-publish","4":"has-post-thumbnail","6":"product_cat-baldosas","7":"product_cat-banos","8":"product_cat-cocina","9":"product_cat-revestimiento","11":"first","12":"instock","13":"shipping-taxable","14":"purchasable","15":"product-type-simple"},"_links":{"self":[{"href":"https:\/\/tilefly.com\/es\/wp-json\/wp\/v2\/product\/551498","targetHints":{"allow":["GET"]}}],"collection":[{"href":"https:\/\/tilefly.com\/es\/wp-json\/wp\/v2\/product"}],"about":[{"href":"https:\/\/tilefly.com\/es\/wp-json\/wp\/v2\/types\/product"}],"replies":[{"embeddable":true,"href":"https:\/\/tilefly.com\/es\/wp-json\/wp\/v2\/comments?post=551498"}],"wp:featuredmedia":[{"embeddable":true,"href":"https:\/\/tilefly.com\/es\/wp-json\/wp\/v2\/media\/551486"}],"wp:attachment":[{"href":"https:\/\/tilefly.com\/es\/wp-json\/wp\/v2\/media?parent=551498"}],"wp:term":[{"taxonomy":"product_brand","embeddable":true,"href":"https:\/\/tilefly.com\/es\/wp-json\/wp\/v2\/product_brand?post=551498"},{"taxonomy":"product_cat","embeddable":true,"href":"https:\/\/tilefly.com\/es\/wp-json\/wp\/v2\/product_cat?post=551498"},{"taxonomy":"product_tag","embeddable":true,"href":"https:\/\/tilefly.com\/es\/wp-json\/wp\/v2\/product_tag?post=551498"}],"curies":[{"name":"wp","href":"https:\/\/api.w.org\/{rel}","templated":true}]}}