{"id":551394,"date":"2025-02-14T12:51:26","date_gmt":"2025-02-14T11:51:26","guid":{"rendered":"https:\/\/tilefly.com\/producto\/flex-20x20\/"},"modified":"2025-10-29T09:38:01","modified_gmt":"2025-10-29T08:38:01","slug":"flex-20x20","status":"publish","type":"product","link":"https:\/\/tilefly.com\/es\/producto\/flex-20x20\/","title":{"rendered":"FLEX 20X20"},"content":{"rendered":"<h2><strong>FLEX 20X20<\/strong><\/h2><p>Aporta un toque de calidez y naturalidad a tus espacios con el modelo FLEX 20X20 de la colecci\u00f3n <a href='https:\/\/tilefly.com\/producto\/esencia-materia\/'>Esencia Materia<\/a>, un pavimento porcel\u00e1nico en color beige que te conecta con la esencia de la tierra. Su formato de 20&#215;20 cm y su dise\u00f1o vers\u00e1til se adaptan a cualquier estilo decorativo, aportando luminosidad y confort a tus ambientes. El acabado mate, suave y natural, realza la belleza del material, mientras que su propiedad antideslizante garantiza seguridad y tranquilidad en tu d\u00eda a d\u00eda. FLEX 20X20 es la elecci\u00f3n ideal para quienes buscan un dise\u00f1o vers\u00e1til y acogedor, que transmita calidez y armon\u00eda.<\/p>","protected":false},"excerpt":{"rendered":"<p>FLEX 20X20Aporta un toque de calidez y naturalidad a tus espacios con el modelo FLEX 20X20 de la colecci\u00f3n Esencia Materia, un pavimento porcel\u00e1nico en color beige que te conecta con la esencia de la tierra. Su formato de 20&#215;20 cm y su dise\u00f1o vers\u00e1til se adaptan a cualquier estilo decorativo, aportando luminosidad y confort [&hellip;]<\/p>\n","protected":false},"featured_media":551382,"comment_status":"open","ping_status":"closed","template":"","meta":[],"product_brand":[],"product_cat":[303,305,306,304],"product_tag":[],"class_list":{"0":"post-551394","1":"product","2":"type-product","3":"status-publish","4":"has-post-thumbnail","6":"product_cat-baldosas","7":"product_cat-banos","8":"product_cat-cocina","9":"product_cat-revestimiento","11":"first","12":"instock","13":"shipping-taxable","14":"purchasable","15":"product-type-simple"},"_links":{"self":[{"href":"https:\/\/tilefly.com\/es\/wp-json\/wp\/v2\/product\/551394","targetHints":{"allow":["GET"]}}],"collection":[{"href":"https:\/\/tilefly.com\/es\/wp-json\/wp\/v2\/product"}],"about":[{"href":"https:\/\/tilefly.com\/es\/wp-json\/wp\/v2\/types\/product"}],"replies":[{"embeddable":true,"href":"https:\/\/tilefly.com\/es\/wp-json\/wp\/v2\/comments?post=551394"}],"wp:featuredmedia":[{"embeddable":true,"href":"https:\/\/tilefly.com\/es\/wp-json\/wp\/v2\/media\/551382"}],"wp:attachment":[{"href":"https:\/\/tilefly.com\/es\/wp-json\/wp\/v2\/media?parent=551394"}],"wp:term":[{"taxonomy":"product_brand","embeddable":true,"href":"https:\/\/tilefly.com\/es\/wp-json\/wp\/v2\/product_brand?post=551394"},{"taxonomy":"product_cat","embeddable":true,"href":"https:\/\/tilefly.com\/es\/wp-json\/wp\/v2\/product_cat?post=551394"},{"taxonomy":"product_tag","embeddable":true,"href":"https:\/\/tilefly.com\/es\/wp-json\/wp\/v2\/product_tag?post=551394"}],"curies":[{"name":"wp","href":"https:\/\/api.w.org\/{rel}","templated":true}]}}