{"id":550939,"date":"2025-02-14T12:12:09","date_gmt":"2025-02-14T11:12:09","guid":{"rendered":"https:\/\/tilefly.com\/producto\/clay-straw-123x123\/"},"modified":"2026-01-25T04:15:55","modified_gmt":"2026-01-25T03:15:55","slug":"clay-straw-123x123","status":"publish","type":"product","link":"https:\/\/tilefly.com\/es\/producto\/clay-straw-123x123\/","title":{"rendered":"CLAY STRAW 12,3X12,3"},"content":{"rendered":"<h2><strong>CLAY STRAW 12,3X12,3<\/strong><\/h2><p><b>CLAY STRAW 12,3X12,3<\/b>: La baldosa CLAY STRAW 12,3&#215;12,3 de la serie <a href='https:\/\/tilefly.com\/producto\/fayenza\/'>Fayenza<\/a> te invita a conectar con la naturaleza a trav\u00e9s de su suave tonalidad beige.  Su formato cuadrado de 12,3&#215;12,3 cm la hace vers\u00e1til para diferentes dise\u00f1os de pavimentos. Fabricada en porcel\u00e1nico resistente, esta baldosa ofrece durabilidad y f\u00e1cil mantenimiento. Su acabado mate y estilo r\u00fastico la convierten en la elecci\u00f3n perfecta para crear espacios c\u00e1lidos y acogedores, donde la serenidad es la protagonista.<\/p>","protected":false},"excerpt":{"rendered":"<p>CLAY STRAW 12,3X12,3CLAY STRAW 12,3X12,3: La baldosa CLAY STRAW 12,3&#215;12,3 de la serie Fayenza te invita a conectar con la naturaleza a trav\u00e9s de su suave tonalidad beige. Su formato cuadrado de 12,3&#215;12,3 cm la hace vers\u00e1til para diferentes dise\u00f1os de pavimentos. Fabricada en porcel\u00e1nico resistente, esta baldosa ofrece durabilidad y f\u00e1cil mantenimiento. Su acabado [&hellip;]<\/p>\n","protected":false},"featured_media":550927,"comment_status":"open","ping_status":"closed","template":"","meta":[],"product_brand":[],"product_cat":[303,305,306,304],"product_tag":[],"class_list":{"0":"post-550939","1":"product","2":"type-product","3":"status-publish","4":"has-post-thumbnail","6":"product_cat-baldosas","7":"product_cat-banos","8":"product_cat-cocina","9":"product_cat-revestimiento","11":"first","12":"instock","13":"shipping-taxable","14":"purchasable","15":"product-type-simple"},"_links":{"self":[{"href":"https:\/\/tilefly.com\/es\/wp-json\/wp\/v2\/product\/550939","targetHints":{"allow":["GET"]}}],"collection":[{"href":"https:\/\/tilefly.com\/es\/wp-json\/wp\/v2\/product"}],"about":[{"href":"https:\/\/tilefly.com\/es\/wp-json\/wp\/v2\/types\/product"}],"replies":[{"embeddable":true,"href":"https:\/\/tilefly.com\/es\/wp-json\/wp\/v2\/comments?post=550939"}],"wp:featuredmedia":[{"embeddable":true,"href":"https:\/\/tilefly.com\/es\/wp-json\/wp\/v2\/media\/550927"}],"wp:attachment":[{"href":"https:\/\/tilefly.com\/es\/wp-json\/wp\/v2\/media?parent=550939"}],"wp:term":[{"taxonomy":"product_brand","embeddable":true,"href":"https:\/\/tilefly.com\/es\/wp-json\/wp\/v2\/product_brand?post=550939"},{"taxonomy":"product_cat","embeddable":true,"href":"https:\/\/tilefly.com\/es\/wp-json\/wp\/v2\/product_cat?post=550939"},{"taxonomy":"product_tag","embeddable":true,"href":"https:\/\/tilefly.com\/es\/wp-json\/wp\/v2\/product_tag?post=550939"}],"curies":[{"name":"wp","href":"https:\/\/api.w.org\/{rel}","templated":true}]}}