{"id":550658,"date":"2025-01-22T21:25:17","date_gmt":"2025-01-22T20:25:17","guid":{"rendered":"https:\/\/tilefly.com\/producto\/arabescato-corchia-pol-rect-120x120\/"},"modified":"2025-10-29T09:36:53","modified_gmt":"2025-10-29T08:36:53","slug":"arabescato-corchia-pol-rect-120x120","status":"publish","type":"product","link":"https:\/\/tilefly.com\/es\/producto\/arabescato-corchia-pol-rect-120x120\/","title":{"rendered":"ARABESCATO CORCHIA POL RECT 120X120"},"content":{"rendered":"<h2><strong>ARABESCATO CORCHIA POL RECT 120X120<\/strong><\/h2><p>El <strong>Arabescato Corchia Pol Rect 120&#215;120<\/strong> ofrece un impacto visual inigualable con su gran formato y acabado pulido que resalta las marcadas vetas crema y grises del m\u00e1rmol Calacatta Corchia. Este dise\u00f1o refleja la opulencia de las villas se\u00f1oriales italianas.<\/p><p>Parte de la colecci\u00f3n <a href='https:\/\/tilefly.com\/producto\/arabescato\/'>Arabescato<\/a>, este pavimento porcel\u00e1nico de imitaci\u00f3n m\u00e1rmol combina belleza, resistencia y facilidad de mantenimiento para cualquier proyecto sofisticado.<\/p><p>Opta por Arabescato Corchia Pol Rect 120&#215;120 para crear ambientes exclusivos y elegantes.<\/p>","protected":false},"excerpt":{"rendered":"<p>ARABESCATO CORCHIA POL RECT 120X120El Arabescato Corchia Pol Rect 120&#215;120 ofrece un impacto visual inigualable con su gran formato y acabado pulido que resalta las marcadas vetas crema y grises del m\u00e1rmol Calacatta Corchia. Este dise\u00f1o refleja la opulencia de las villas se\u00f1oriales italianas.Parte de la colecci\u00f3n Arabescato, este pavimento porcel\u00e1nico de imitaci\u00f3n m\u00e1rmol combina [&hellip;]<\/p>\n","protected":false},"featured_media":550646,"comment_status":"open","ping_status":"closed","template":"","meta":[],"product_brand":[],"product_cat":[353,354,355,356],"product_tag":[],"class_list":{"0":"post-550658","1":"product","2":"type-product","3":"status-publish","4":"has-post-thumbnail","6":"product_cat-carrelage","7":"product_cat-carrelage-salle-de-bain","8":"product_cat-cuisines","9":"product_cat-faiences","11":"first","12":"instock","13":"shipping-taxable","14":"purchasable","15":"product-type-simple"},"_links":{"self":[{"href":"https:\/\/tilefly.com\/es\/wp-json\/wp\/v2\/product\/550658","targetHints":{"allow":["GET"]}}],"collection":[{"href":"https:\/\/tilefly.com\/es\/wp-json\/wp\/v2\/product"}],"about":[{"href":"https:\/\/tilefly.com\/es\/wp-json\/wp\/v2\/types\/product"}],"replies":[{"embeddable":true,"href":"https:\/\/tilefly.com\/es\/wp-json\/wp\/v2\/comments?post=550658"}],"wp:featuredmedia":[{"embeddable":true,"href":"https:\/\/tilefly.com\/es\/wp-json\/wp\/v2\/media\/550646"}],"wp:attachment":[{"href":"https:\/\/tilefly.com\/es\/wp-json\/wp\/v2\/media?parent=550658"}],"wp:term":[{"taxonomy":"product_brand","embeddable":true,"href":"https:\/\/tilefly.com\/es\/wp-json\/wp\/v2\/product_brand?post=550658"},{"taxonomy":"product_cat","embeddable":true,"href":"https:\/\/tilefly.com\/es\/wp-json\/wp\/v2\/product_cat?post=550658"},{"taxonomy":"product_tag","embeddable":true,"href":"https:\/\/tilefly.com\/es\/wp-json\/wp\/v2\/product_tag?post=550658"}],"curies":[{"name":"wp","href":"https:\/\/api.w.org\/{rel}","templated":true}]}}