{"id":550645,"date":"2025-01-22T21:25:10","date_gmt":"2025-01-22T20:25:10","guid":{"rendered":"https:\/\/tilefly.com\/producto\/arabescato-corchia-matt-rect-60x120\/"},"modified":"2025-10-29T09:36:53","modified_gmt":"2025-10-29T08:36:53","slug":"arabescato-corchia-matt-rect-60x120","status":"publish","type":"product","link":"https:\/\/tilefly.com\/es\/producto\/arabescato-corchia-matt-rect-60x120\/","title":{"rendered":"ARABESCATO CORCHIA MATT RECT 60X120"},"content":{"rendered":"<h2><strong>ARABESCATO CORCHIA MATT RECT 60X120<\/strong><\/h2><p>El <strong>Arabescato Corchia Matt Rect 60&#215;120<\/strong> combina dise\u00f1o cl\u00e1sico y funcionalidad con su acabado mate que resalta las vetas crema y grises en su base blanca. Inspirado en el m\u00e1rmol Calacatta Corchia, este pavimento porcel\u00e1nico aporta un estilo sereno y elegante.<\/p><p>Perteneciente a la colecci\u00f3n <a href='https:\/\/tilefly.com\/producto\/arabescato\/'>Arabescato<\/a>, su formato 60&#215;120 lo convierte en una opci\u00f3n vers\u00e1til para suelos y paredes en interiores refinados.<\/p><p>Con Arabescato Corchia Matt Rect 60&#215;120, lleva la belleza atemporal del m\u00e1rmol a tus espacios.<\/p>","protected":false},"excerpt":{"rendered":"<p>ARABESCATO CORCHIA MATT RECT 60X120El Arabescato Corchia Matt Rect 60&#215;120 combina dise\u00f1o cl\u00e1sico y funcionalidad con su acabado mate que resalta las vetas crema y grises en su base blanca. Inspirado en el m\u00e1rmol Calacatta Corchia, este pavimento porcel\u00e1nico aporta un estilo sereno y elegante.Perteneciente a la colecci\u00f3n Arabescato, su formato 60&#215;120 lo convierte en [&hellip;]<\/p>\n","protected":false},"featured_media":550633,"comment_status":"open","ping_status":"closed","template":"","meta":[],"product_brand":[],"product_cat":[353,354,355,356],"product_tag":[],"class_list":{"0":"post-550645","1":"product","2":"type-product","3":"status-publish","4":"has-post-thumbnail","6":"product_cat-carrelage","7":"product_cat-carrelage-salle-de-bain","8":"product_cat-cuisines","9":"product_cat-faiences","11":"first","12":"instock","13":"shipping-taxable","14":"purchasable","15":"product-type-simple"},"_links":{"self":[{"href":"https:\/\/tilefly.com\/es\/wp-json\/wp\/v2\/product\/550645","targetHints":{"allow":["GET"]}}],"collection":[{"href":"https:\/\/tilefly.com\/es\/wp-json\/wp\/v2\/product"}],"about":[{"href":"https:\/\/tilefly.com\/es\/wp-json\/wp\/v2\/types\/product"}],"replies":[{"embeddable":true,"href":"https:\/\/tilefly.com\/es\/wp-json\/wp\/v2\/comments?post=550645"}],"wp:featuredmedia":[{"embeddable":true,"href":"https:\/\/tilefly.com\/es\/wp-json\/wp\/v2\/media\/550633"}],"wp:attachment":[{"href":"https:\/\/tilefly.com\/es\/wp-json\/wp\/v2\/media?parent=550645"}],"wp:term":[{"taxonomy":"product_brand","embeddable":true,"href":"https:\/\/tilefly.com\/es\/wp-json\/wp\/v2\/product_brand?post=550645"},{"taxonomy":"product_cat","embeddable":true,"href":"https:\/\/tilefly.com\/es\/wp-json\/wp\/v2\/product_cat?post=550645"},{"taxonomy":"product_tag","embeddable":true,"href":"https:\/\/tilefly.com\/es\/wp-json\/wp\/v2\/product_tag?post=550645"}],"curies":[{"name":"wp","href":"https:\/\/api.w.org\/{rel}","templated":true}]}}