{"id":550593,"date":"2025-01-22T21:24:45","date_gmt":"2025-01-22T20:24:45","guid":{"rendered":"https:\/\/tilefly.com\/producto\/alexandria-cream-matt-rect-60x120\/"},"modified":"2025-10-29T09:36:50","modified_gmt":"2025-10-29T08:36:50","slug":"alexandria-cream-matt-rect-60x120","status":"publish","type":"product","link":"https:\/\/tilefly.com\/es\/producto\/alexandria-cream-matt-rect-60x120\/","title":{"rendered":"ALEXANDRIA CREAM MATT RECT 60X120"},"content":{"rendered":"<h2><strong>ALEXANDRIA CREAM MATT RECT 60X120<\/strong><\/h2><p>El <strong>Alexandria Cream Matt Rect 60&#215;120<\/strong> aporta serenidad y elegancia a tus ambientes con su acabado mate y su tonalidad crema inspirada en el m\u00e1rmol griego. Este pavimento porcel\u00e1nico combina dise\u00f1o atemporal y funcionalidad.<\/p><p>Como parte de la colecci\u00f3n <a href='https:\/\/tilefly.com\/producto\/alexandria\/'>Alexandria<\/a>, esta pieza rectangular 60&#215;120 es ideal para crear superficies armoniosas y c\u00e1lidas. Su esmalte protector asegura resistencia y una larga vida \u00fatil.<\/p><p>Opta por Alexandria Cream Matt Rect 60&#215;120 para a\u00f1adir un toque de estilo refinado a cualquier proyecto.<\/p>","protected":false},"excerpt":{"rendered":"<p>ALEXANDRIA CREAM MATT RECT 60X120El Alexandria Cream Matt Rect 60&#215;120 aporta serenidad y elegancia a tus ambientes con su acabado mate y su tonalidad crema inspirada en el m\u00e1rmol griego. Este pavimento porcel\u00e1nico combina dise\u00f1o atemporal y funcionalidad.Como parte de la colecci\u00f3n Alexandria, esta pieza rectangular 60&#215;120 es ideal para crear superficies armoniosas y c\u00e1lidas. [&hellip;]<\/p>\n","protected":false},"featured_media":550581,"comment_status":"open","ping_status":"closed","template":"","meta":[],"product_brand":[],"product_cat":[303,305,306,304],"product_tag":[],"class_list":{"0":"post-550593","1":"product","2":"type-product","3":"status-publish","4":"has-post-thumbnail","6":"product_cat-baldosas","7":"product_cat-banos","8":"product_cat-cocina","9":"product_cat-revestimiento","11":"first","12":"instock","13":"shipping-taxable","14":"purchasable","15":"product-type-simple"},"_links":{"self":[{"href":"https:\/\/tilefly.com\/es\/wp-json\/wp\/v2\/product\/550593","targetHints":{"allow":["GET"]}}],"collection":[{"href":"https:\/\/tilefly.com\/es\/wp-json\/wp\/v2\/product"}],"about":[{"href":"https:\/\/tilefly.com\/es\/wp-json\/wp\/v2\/types\/product"}],"replies":[{"embeddable":true,"href":"https:\/\/tilefly.com\/es\/wp-json\/wp\/v2\/comments?post=550593"}],"wp:featuredmedia":[{"embeddable":true,"href":"https:\/\/tilefly.com\/es\/wp-json\/wp\/v2\/media\/550581"}],"wp:attachment":[{"href":"https:\/\/tilefly.com\/es\/wp-json\/wp\/v2\/media?parent=550593"}],"wp:term":[{"taxonomy":"product_brand","embeddable":true,"href":"https:\/\/tilefly.com\/es\/wp-json\/wp\/v2\/product_brand?post=550593"},{"taxonomy":"product_cat","embeddable":true,"href":"https:\/\/tilefly.com\/es\/wp-json\/wp\/v2\/product_cat?post=550593"},{"taxonomy":"product_tag","embeddable":true,"href":"https:\/\/tilefly.com\/es\/wp-json\/wp\/v2\/product_tag?post=550593"}],"curies":[{"name":"wp","href":"https:\/\/api.w.org\/{rel}","templated":true}]}}