{"id":550167,"date":"2024-12-24T14:54:08","date_gmt":"2024-12-24T13:54:08","guid":{"rendered":"https:\/\/tilefly.com\/producto\/shape-avorio-rect-40x120\/"},"modified":"2025-10-29T09:36:35","modified_gmt":"2025-10-29T08:36:35","slug":"shape-avorio-rect-40x120","status":"publish","type":"product","link":"https:\/\/tilefly.com\/es\/producto\/shape-avorio-rect-40x120\/","title":{"rendered":"SHAPE AVORIO RECT 40X120"},"content":{"rendered":"<h2><strong>SHAPE AVORIO RECT 40X120<\/strong><\/h2><p>SHAPE AVORIO RECT 40X120 en color marfil es un revestimiento que aporta textura y luminosidad a las paredes. Con acabado mate y dise\u00f1o en imitaci\u00f3n cemento, es perfecto para proyectos elegantes. Descubre m\u00e1s sobre la serie <a href='https:\/\/tilefly.com\/producto\/ama\/'>AMA aqu\u00ed<\/a>.<\/p>","protected":false},"excerpt":{"rendered":"<p>SHAPE AVORIO RECT 40X120SHAPE AVORIO RECT 40X120 en color marfil es un revestimiento que aporta textura y luminosidad a las paredes. Con acabado mate y dise\u00f1o en imitaci\u00f3n cemento, es perfecto para proyectos elegantes. Descubre m\u00e1s sobre la serie AMA aqu\u00ed.<\/p>\n","protected":false},"featured_media":550155,"comment_status":"open","ping_status":"closed","template":"","meta":[],"product_brand":[],"product_cat":[562,563,564],"product_tag":[],"class_list":{"0":"post-550167","1":"product","2":"type-product","3":"status-publish","4":"has-post-thumbnail","6":"product_cat-badkamer-tegels","7":"product_cat-keuken-tegel","8":"product_cat-wandtegels","10":"first","11":"instock","12":"shipping-taxable","13":"purchasable","14":"product-type-simple"},"_links":{"self":[{"href":"https:\/\/tilefly.com\/es\/wp-json\/wp\/v2\/product\/550167","targetHints":{"allow":["GET"]}}],"collection":[{"href":"https:\/\/tilefly.com\/es\/wp-json\/wp\/v2\/product"}],"about":[{"href":"https:\/\/tilefly.com\/es\/wp-json\/wp\/v2\/types\/product"}],"replies":[{"embeddable":true,"href":"https:\/\/tilefly.com\/es\/wp-json\/wp\/v2\/comments?post=550167"}],"wp:featuredmedia":[{"embeddable":true,"href":"https:\/\/tilefly.com\/es\/wp-json\/wp\/v2\/media\/550155"}],"wp:attachment":[{"href":"https:\/\/tilefly.com\/es\/wp-json\/wp\/v2\/media?parent=550167"}],"wp:term":[{"taxonomy":"product_brand","embeddable":true,"href":"https:\/\/tilefly.com\/es\/wp-json\/wp\/v2\/product_brand?post=550167"},{"taxonomy":"product_cat","embeddable":true,"href":"https:\/\/tilefly.com\/es\/wp-json\/wp\/v2\/product_cat?post=550167"},{"taxonomy":"product_tag","embeddable":true,"href":"https:\/\/tilefly.com\/es\/wp-json\/wp\/v2\/product_tag?post=550167"}],"curies":[{"name":"wp","href":"https:\/\/api.w.org\/{rel}","templated":true}]}}