{"id":550115,"date":"2024-12-24T14:53:55","date_gmt":"2024-12-24T13:53:55","guid":{"rendered":"https:\/\/tilefly.com\/producto\/contract-avorio-rect-40x120\/"},"modified":"2025-10-29T09:36:30","modified_gmt":"2025-10-29T08:36:30","slug":"contract-avorio-rect-40x120","status":"publish","type":"product","link":"https:\/\/tilefly.com\/es\/producto\/contract-avorio-rect-40x120\/","title":{"rendered":"CONTRACT AVORIO RECT 40X120"},"content":{"rendered":"<h2><strong>CONTRACT AVORIO RECT 40X120<\/strong><\/h2><p>CONTRACT AVORIO RECT 40X120 combina la suavidad del color marfil con un dise\u00f1o en imitaci\u00f3n cemento. Este revestimiento en pasta blanca es perfecto para crear ambientes luminosos y contempor\u00e1neos. Descubre m\u00e1s sobre la serie <a href='https:\/\/tilefly.com\/producto\/ama\/'>AMA aqu\u00ed<\/a>.<\/p>","protected":false},"excerpt":{"rendered":"<p>CONTRACT AVORIO RECT 40X120CONTRACT AVORIO RECT 40X120 combina la suavidad del color marfil con un dise\u00f1o en imitaci\u00f3n cemento. Este revestimiento en pasta blanca es perfecto para crear ambientes luminosos y contempor\u00e1neos. Descubre m\u00e1s sobre la serie AMA aqu\u00ed.<\/p>\n","protected":false},"featured_media":550103,"comment_status":"open","ping_status":"closed","template":"","meta":[],"product_brand":[],"product_cat":[305,306,304],"product_tag":[],"class_list":{"0":"post-550115","1":"product","2":"type-product","3":"status-publish","4":"has-post-thumbnail","6":"product_cat-banos","7":"product_cat-cocina","8":"product_cat-revestimiento","10":"first","11":"instock","12":"shipping-taxable","13":"purchasable","14":"product-type-simple"},"_links":{"self":[{"href":"https:\/\/tilefly.com\/es\/wp-json\/wp\/v2\/product\/550115","targetHints":{"allow":["GET"]}}],"collection":[{"href":"https:\/\/tilefly.com\/es\/wp-json\/wp\/v2\/product"}],"about":[{"href":"https:\/\/tilefly.com\/es\/wp-json\/wp\/v2\/types\/product"}],"replies":[{"embeddable":true,"href":"https:\/\/tilefly.com\/es\/wp-json\/wp\/v2\/comments?post=550115"}],"wp:featuredmedia":[{"embeddable":true,"href":"https:\/\/tilefly.com\/es\/wp-json\/wp\/v2\/media\/550103"}],"wp:attachment":[{"href":"https:\/\/tilefly.com\/es\/wp-json\/wp\/v2\/media?parent=550115"}],"wp:term":[{"taxonomy":"product_brand","embeddable":true,"href":"https:\/\/tilefly.com\/es\/wp-json\/wp\/v2\/product_brand?post=550115"},{"taxonomy":"product_cat","embeddable":true,"href":"https:\/\/tilefly.com\/es\/wp-json\/wp\/v2\/product_cat?post=550115"},{"taxonomy":"product_tag","embeddable":true,"href":"https:\/\/tilefly.com\/es\/wp-json\/wp\/v2\/product_tag?post=550115"}],"curies":[{"name":"wp","href":"https:\/\/api.w.org\/{rel}","templated":true}]}}