{"id":549985,"date":"2024-12-24T14:52:46","date_gmt":"2024-12-24T13:52:46","guid":{"rendered":"https:\/\/tilefly.com\/producto\/ricetta-graphite-taglio-15x15\/"},"modified":"2025-10-29T09:36:17","modified_gmt":"2025-10-29T08:36:17","slug":"ricetta-graphite-taglio-15x15","status":"publish","type":"product","link":"https:\/\/tilefly.com\/es\/producto\/ricetta-graphite-taglio-15x15\/","title":{"rendered":"RICETTA GRAPHITE TAGLIO 15X15"},"content":{"rendered":"<h2><strong>RICETTA GRAPHITE TAGLIO 15X15<\/strong><\/h2><p>RICETTA GRAPHITE TAGLIO 15X15 en color grafito combina un dise\u00f1o audaz con un formato peque\u00f1o, ideal para espacios contempor\u00e1neos. Su acabado mate y propiedades antideslizantes aseguran un toque \u00fanico y funcional. Descubre m\u00e1s sobre la serie <a href='https:\/\/tilefly.com\/producto\/ama\/'>AMA aqu\u00ed<\/a>.<\/p>","protected":false},"excerpt":{"rendered":"<p>RICETTA GRAPHITE TAGLIO 15X15RICETTA GRAPHITE TAGLIO 15X15 en color grafito combina un dise\u00f1o audaz con un formato peque\u00f1o, ideal para espacios contempor\u00e1neos. Su acabado mate y propiedades antideslizantes aseguran un toque \u00fanico y funcional. Descubre m\u00e1s sobre la serie AMA aqu\u00ed.<\/p>\n","protected":false},"featured_media":549973,"comment_status":"open","ping_status":"closed","template":"","meta":[],"product_brand":[],"product_cat":[303,305,306,304],"product_tag":[],"class_list":{"0":"post-549985","1":"product","2":"type-product","3":"status-publish","4":"has-post-thumbnail","6":"product_cat-baldosas","7":"product_cat-banos","8":"product_cat-cocina","9":"product_cat-revestimiento","11":"first","12":"instock","13":"shipping-taxable","14":"purchasable","15":"product-type-simple"},"_links":{"self":[{"href":"https:\/\/tilefly.com\/es\/wp-json\/wp\/v2\/product\/549985","targetHints":{"allow":["GET"]}}],"collection":[{"href":"https:\/\/tilefly.com\/es\/wp-json\/wp\/v2\/product"}],"about":[{"href":"https:\/\/tilefly.com\/es\/wp-json\/wp\/v2\/types\/product"}],"replies":[{"embeddable":true,"href":"https:\/\/tilefly.com\/es\/wp-json\/wp\/v2\/comments?post=549985"}],"wp:featuredmedia":[{"embeddable":true,"href":"https:\/\/tilefly.com\/es\/wp-json\/wp\/v2\/media\/549973"}],"wp:attachment":[{"href":"https:\/\/tilefly.com\/es\/wp-json\/wp\/v2\/media?parent=549985"}],"wp:term":[{"taxonomy":"product_brand","embeddable":true,"href":"https:\/\/tilefly.com\/es\/wp-json\/wp\/v2\/product_brand?post=549985"},{"taxonomy":"product_cat","embeddable":true,"href":"https:\/\/tilefly.com\/es\/wp-json\/wp\/v2\/product_cat?post=549985"},{"taxonomy":"product_tag","embeddable":true,"href":"https:\/\/tilefly.com\/es\/wp-json\/wp\/v2\/product_tag?post=549985"}],"curies":[{"name":"wp","href":"https:\/\/api.w.org\/{rel}","templated":true}]}}