{"id":549972,"date":"2024-12-24T14:52:38","date_gmt":"2024-12-24T13:52:38","guid":{"rendered":"https:\/\/tilefly.com\/producto\/ricetta-cenere-taglio-15x15\/"},"modified":"2025-10-29T09:36:15","modified_gmt":"2025-10-29T08:36:15","slug":"ricetta-cenere-taglio-15x15","status":"publish","type":"product","link":"https:\/\/tilefly.com\/es\/producto\/ricetta-cenere-taglio-15x15\/","title":{"rendered":"RICETTA CENERE TAGLIO 15X15"},"content":{"rendered":"<h2><strong>RICETTA CENERE TAGLIO 15X15<\/strong><\/h2><p>RICETTA CENERE TAGLIO 15X15 presenta un sofisticado tono ceniza en un formato compacto que aporta dinamismo a cualquier proyecto. Su acabado mate y dise\u00f1o antideslizante son perfectos para pavimentos modernos. Descubre m\u00e1s sobre la serie <a href='https:\/\/tilefly.com\/producto\/ama\/'>AMA aqu\u00ed<\/a>.<\/p>","protected":false},"excerpt":{"rendered":"<p>RICETTA CENERE TAGLIO 15X15RICETTA CENERE TAGLIO 15X15 presenta un sofisticado tono ceniza en un formato compacto que aporta dinamismo a cualquier proyecto. Su acabado mate y dise\u00f1o antideslizante son perfectos para pavimentos modernos. Descubre m\u00e1s sobre la serie AMA aqu\u00ed.<\/p>\n","protected":false},"featured_media":549960,"comment_status":"open","ping_status":"closed","template":"","meta":[],"product_brand":[],"product_cat":[561,562,563,564],"product_tag":[],"class_list":{"0":"post-549972","1":"product","2":"type-product","3":"status-publish","4":"has-post-thumbnail","6":"product_cat-vloertegels","7":"product_cat-badkamer-tegels","8":"product_cat-keuken-tegel","9":"product_cat-wandtegels","11":"first","12":"instock","13":"shipping-taxable","14":"purchasable","15":"product-type-simple"},"_links":{"self":[{"href":"https:\/\/tilefly.com\/es\/wp-json\/wp\/v2\/product\/549972","targetHints":{"allow":["GET"]}}],"collection":[{"href":"https:\/\/tilefly.com\/es\/wp-json\/wp\/v2\/product"}],"about":[{"href":"https:\/\/tilefly.com\/es\/wp-json\/wp\/v2\/types\/product"}],"replies":[{"embeddable":true,"href":"https:\/\/tilefly.com\/es\/wp-json\/wp\/v2\/comments?post=549972"}],"wp:featuredmedia":[{"embeddable":true,"href":"https:\/\/tilefly.com\/es\/wp-json\/wp\/v2\/media\/549960"}],"wp:attachment":[{"href":"https:\/\/tilefly.com\/es\/wp-json\/wp\/v2\/media?parent=549972"}],"wp:term":[{"taxonomy":"product_brand","embeddable":true,"href":"https:\/\/tilefly.com\/es\/wp-json\/wp\/v2\/product_brand?post=549972"},{"taxonomy":"product_cat","embeddable":true,"href":"https:\/\/tilefly.com\/es\/wp-json\/wp\/v2\/product_cat?post=549972"},{"taxonomy":"product_tag","embeddable":true,"href":"https:\/\/tilefly.com\/es\/wp-json\/wp\/v2\/product_tag?post=549972"}],"curies":[{"name":"wp","href":"https:\/\/api.w.org\/{rel}","templated":true}]}}