{"id":549946,"date":"2024-12-24T14:52:01","date_gmt":"2024-12-24T13:52:01","guid":{"rendered":"https:\/\/tilefly.com\/producto\/fiori-tortora-rect-60x60\/"},"modified":"2025-10-29T09:36:12","modified_gmt":"2025-10-29T08:36:12","slug":"fiori-tortora-rect-60x60","status":"publish","type":"product","link":"https:\/\/tilefly.com\/es\/producto\/fiori-tortora-rect-60x60\/","title":{"rendered":"FIORI TORTORA RECT 60X60"},"content":{"rendered":"<h2><strong>FIORI TORTORA RECT 60X60<\/strong><\/h2><p>FIORI TORTORA RECT 60X60 presenta un dise\u00f1o floral sobre un c\u00e1lido fondo marr\u00f3n. Con acabado mate y propiedades antideslizantes, es ideal para espacios elegantes y seguros. Descubre m\u00e1s sobre la serie <a href='https:\/\/tilefly.com\/producto\/ama\/'>AMA aqu\u00ed<\/a>.<\/p>","protected":false},"excerpt":{"rendered":"<p>FIORI TORTORA RECT 60X60FIORI TORTORA RECT 60X60 presenta un dise\u00f1o floral sobre un c\u00e1lido fondo marr\u00f3n. Con acabado mate y propiedades antideslizantes, es ideal para espacios elegantes y seguros. Descubre m\u00e1s sobre la serie AMA aqu\u00ed.<\/p>\n","protected":false},"featured_media":549934,"comment_status":"open","ping_status":"closed","template":"","meta":[],"product_brand":[],"product_cat":[303,305,306,304],"product_tag":[],"class_list":{"0":"post-549946","1":"product","2":"type-product","3":"status-publish","4":"has-post-thumbnail","6":"product_cat-baldosas","7":"product_cat-banos","8":"product_cat-cocina","9":"product_cat-revestimiento","11":"first","12":"instock","13":"shipping-taxable","14":"purchasable","15":"product-type-simple"},"_links":{"self":[{"href":"https:\/\/tilefly.com\/es\/wp-json\/wp\/v2\/product\/549946","targetHints":{"allow":["GET"]}}],"collection":[{"href":"https:\/\/tilefly.com\/es\/wp-json\/wp\/v2\/product"}],"about":[{"href":"https:\/\/tilefly.com\/es\/wp-json\/wp\/v2\/types\/product"}],"replies":[{"embeddable":true,"href":"https:\/\/tilefly.com\/es\/wp-json\/wp\/v2\/comments?post=549946"}],"wp:featuredmedia":[{"embeddable":true,"href":"https:\/\/tilefly.com\/es\/wp-json\/wp\/v2\/media\/549934"}],"wp:attachment":[{"href":"https:\/\/tilefly.com\/es\/wp-json\/wp\/v2\/media?parent=549946"}],"wp:term":[{"taxonomy":"product_brand","embeddable":true,"href":"https:\/\/tilefly.com\/es\/wp-json\/wp\/v2\/product_brand?post=549946"},{"taxonomy":"product_cat","embeddable":true,"href":"https:\/\/tilefly.com\/es\/wp-json\/wp\/v2\/product_cat?post=549946"},{"taxonomy":"product_tag","embeddable":true,"href":"https:\/\/tilefly.com\/es\/wp-json\/wp\/v2\/product_tag?post=549946"}],"curies":[{"name":"wp","href":"https:\/\/api.w.org\/{rel}","templated":true}]}}