{"id":549894,"date":"2024-12-24T14:51:26","date_gmt":"2024-12-24T13:51:26","guid":{"rendered":"https:\/\/tilefly.com\/producto\/fiori-avorio-rect-60x60\/"},"modified":"2025-10-29T09:36:07","modified_gmt":"2025-10-29T08:36:07","slug":"fiori-avorio-rect-60x60","status":"publish","type":"product","link":"https:\/\/tilefly.com\/es\/producto\/fiori-avorio-rect-60x60\/","title":{"rendered":"FIORI AVORIO RECT 60X60"},"content":{"rendered":"<h2><strong>FIORI AVORIO RECT 60X60<\/strong><\/h2><p>FIORI AVORIO RECT 60X60 en color marfil destaca por sus delicados patrones florales sobre un fondo en imitaci\u00f3n cemento. Su acabado mate y dise\u00f1o antideslizante aportan elegancia y seguridad. Descubre m\u00e1s sobre la serie <a href='https:\/\/tilefly.com\/producto\/ama\/'>AMA aqu\u00ed<\/a>.<\/p>","protected":false},"excerpt":{"rendered":"<p>FIORI AVORIO RECT 60X60FIORI AVORIO RECT 60X60 en color marfil destaca por sus delicados patrones florales sobre un fondo en imitaci\u00f3n cemento. Su acabado mate y dise\u00f1o antideslizante aportan elegancia y seguridad. Descubre m\u00e1s sobre la serie AMA aqu\u00ed.<\/p>\n","protected":false},"featured_media":549882,"comment_status":"open","ping_status":"closed","template":"","meta":[],"product_brand":[],"product_cat":[561,562,563,564],"product_tag":[],"class_list":{"0":"post-549894","1":"product","2":"type-product","3":"status-publish","4":"has-post-thumbnail","6":"product_cat-vloertegels","7":"product_cat-badkamer-tegels","8":"product_cat-keuken-tegel","9":"product_cat-wandtegels","11":"first","12":"instock","13":"shipping-taxable","14":"purchasable","15":"product-type-simple"},"_links":{"self":[{"href":"https:\/\/tilefly.com\/es\/wp-json\/wp\/v2\/product\/549894","targetHints":{"allow":["GET"]}}],"collection":[{"href":"https:\/\/tilefly.com\/es\/wp-json\/wp\/v2\/product"}],"about":[{"href":"https:\/\/tilefly.com\/es\/wp-json\/wp\/v2\/types\/product"}],"replies":[{"embeddable":true,"href":"https:\/\/tilefly.com\/es\/wp-json\/wp\/v2\/comments?post=549894"}],"wp:featuredmedia":[{"embeddable":true,"href":"https:\/\/tilefly.com\/es\/wp-json\/wp\/v2\/media\/549882"}],"wp:attachment":[{"href":"https:\/\/tilefly.com\/es\/wp-json\/wp\/v2\/media?parent=549894"}],"wp:term":[{"taxonomy":"product_brand","embeddable":true,"href":"https:\/\/tilefly.com\/es\/wp-json\/wp\/v2\/product_brand?post=549894"},{"taxonomy":"product_cat","embeddable":true,"href":"https:\/\/tilefly.com\/es\/wp-json\/wp\/v2\/product_cat?post=549894"},{"taxonomy":"product_tag","embeddable":true,"href":"https:\/\/tilefly.com\/es\/wp-json\/wp\/v2\/product_tag?post=549894"}],"curies":[{"name":"wp","href":"https:\/\/api.w.org\/{rel}","templated":true}]}}