{"id":549881,"date":"2024-12-24T14:50:58","date_gmt":"2024-12-24T13:50:58","guid":{"rendered":"https:\/\/tilefly.com\/producto\/ricetta-cenere-rect-60x120\/"},"modified":"2025-10-29T09:36:06","modified_gmt":"2025-10-29T08:36:06","slug":"ricetta-cenere-rect-60x120","status":"publish","type":"product","link":"https:\/\/tilefly.com\/es\/producto\/ricetta-cenere-rect-60x120\/","title":{"rendered":"RICETTA CENERE RECT 60X120"},"content":{"rendered":"<h2><strong>RICETTA CENERE RECT 60X120<\/strong><\/h2><p>RICETTA CENERE RECT 60X120, con su fondo en tono ceniza y decorados geom\u00e9tricos, es una pieza \u00fanica para ambientes modernos. Su acabado mate y dise\u00f1o antideslizante garantizan funcionalidad y estilo. Descubre m\u00e1s sobre la serie <a href='https:\/\/tilefly.com\/producto\/ama\/'>AMA aqu\u00ed<\/a>.<\/p>","protected":false},"excerpt":{"rendered":"<p>RICETTA CENERE RECT 60X120RICETTA CENERE RECT 60X120, con su fondo en tono ceniza y decorados geom\u00e9tricos, es una pieza \u00fanica para ambientes modernos. Su acabado mate y dise\u00f1o antideslizante garantizan funcionalidad y estilo. Descubre m\u00e1s sobre la serie AMA aqu\u00ed.<\/p>\n","protected":false},"featured_media":549869,"comment_status":"open","ping_status":"closed","template":"","meta":[],"product_brand":[],"product_cat":[303,305,306,304],"product_tag":[],"class_list":{"0":"post-549881","1":"product","2":"type-product","3":"status-publish","4":"has-post-thumbnail","6":"product_cat-baldosas","7":"product_cat-banos","8":"product_cat-cocina","9":"product_cat-revestimiento","11":"first","12":"instock","13":"shipping-taxable","14":"purchasable","15":"product-type-simple"},"_links":{"self":[{"href":"https:\/\/tilefly.com\/es\/wp-json\/wp\/v2\/product\/549881","targetHints":{"allow":["GET"]}}],"collection":[{"href":"https:\/\/tilefly.com\/es\/wp-json\/wp\/v2\/product"}],"about":[{"href":"https:\/\/tilefly.com\/es\/wp-json\/wp\/v2\/types\/product"}],"replies":[{"embeddable":true,"href":"https:\/\/tilefly.com\/es\/wp-json\/wp\/v2\/comments?post=549881"}],"wp:featuredmedia":[{"embeddable":true,"href":"https:\/\/tilefly.com\/es\/wp-json\/wp\/v2\/media\/549869"}],"wp:attachment":[{"href":"https:\/\/tilefly.com\/es\/wp-json\/wp\/v2\/media?parent=549881"}],"wp:term":[{"taxonomy":"product_brand","embeddable":true,"href":"https:\/\/tilefly.com\/es\/wp-json\/wp\/v2\/product_brand?post=549881"},{"taxonomy":"product_cat","embeddable":true,"href":"https:\/\/tilefly.com\/es\/wp-json\/wp\/v2\/product_cat?post=549881"},{"taxonomy":"product_tag","embeddable":true,"href":"https:\/\/tilefly.com\/es\/wp-json\/wp\/v2\/product_tag?post=549881"}],"curies":[{"name":"wp","href":"https:\/\/api.w.org\/{rel}","templated":true}]}}