{"id":549842,"date":"2024-12-24T14:50:45","date_gmt":"2024-12-24T13:50:45","guid":{"rendered":"https:\/\/tilefly.com\/producto\/ricetta-grigio-rect-60x120\/"},"modified":"2026-03-04T04:16:16","modified_gmt":"2026-03-04T03:16:16","slug":"ricetta-grigio-rect-60x120","status":"publish","type":"product","link":"https:\/\/tilefly.com\/es\/producto\/ricetta-grigio-rect-60x120\/","title":{"rendered":"RICETTA GRIGIO RECT 60X120"},"content":{"rendered":"<h2><strong>RICETTA GRIGIO RECT 60X120<\/strong><\/h2><p>RICETTA GRIGIO RECT 60X120 destaca por su fondo gris neutro y decoraciones geom\u00e9tricas modernas. Esta pieza porcel\u00e1nica con acabado mate y dise\u00f1o antideslizante es perfecta para ambientes din\u00e1micos. Descubre m\u00e1s sobre la serie <a href=\"https:\/\/tilefly.com\/producto\/ama\/\">AMA aqu\u00ed<\/a>.<\/p>","protected":false},"excerpt":{"rendered":"<p>RICETTA GRIGIO RECT 60X120RICETTA GRIGIO RECT 60X120 destaca por su fondo gris neutro y decoraciones geom\u00e9tricas modernas. Esta pieza porcel\u00e1nica con acabado mate y dise\u00f1o antideslizante es perfecta para ambientes din\u00e1micos. Descubre m\u00e1s sobre la serie AMA aqu\u00ed.<\/p>\n","protected":false},"featured_media":549830,"comment_status":"open","ping_status":"closed","template":"","meta":[],"product_brand":[],"product_cat":[561,562,563,564],"product_tag":[],"class_list":{"0":"post-549842","1":"product","2":"type-product","3":"status-publish","4":"has-post-thumbnail","6":"product_cat-vloertegels","7":"product_cat-badkamer-tegels","8":"product_cat-keuken-tegel","9":"product_cat-wandtegels","11":"first","12":"instock","13":"shipping-taxable","14":"purchasable","15":"product-type-simple"},"_links":{"self":[{"href":"https:\/\/tilefly.com\/es\/wp-json\/wp\/v2\/product\/549842","targetHints":{"allow":["GET"]}}],"collection":[{"href":"https:\/\/tilefly.com\/es\/wp-json\/wp\/v2\/product"}],"about":[{"href":"https:\/\/tilefly.com\/es\/wp-json\/wp\/v2\/types\/product"}],"replies":[{"embeddable":true,"href":"https:\/\/tilefly.com\/es\/wp-json\/wp\/v2\/comments?post=549842"}],"wp:featuredmedia":[{"embeddable":true,"href":"https:\/\/tilefly.com\/es\/wp-json\/wp\/v2\/media\/549830"}],"wp:attachment":[{"href":"https:\/\/tilefly.com\/es\/wp-json\/wp\/v2\/media?parent=549842"}],"wp:term":[{"taxonomy":"product_brand","embeddable":true,"href":"https:\/\/tilefly.com\/es\/wp-json\/wp\/v2\/product_brand?post=549842"},{"taxonomy":"product_cat","embeddable":true,"href":"https:\/\/tilefly.com\/es\/wp-json\/wp\/v2\/product_cat?post=549842"},{"taxonomy":"product_tag","embeddable":true,"href":"https:\/\/tilefly.com\/es\/wp-json\/wp\/v2\/product_tag?post=549842"}],"curies":[{"name":"wp","href":"https:\/\/api.w.org\/{rel}","templated":true}]}}