{"id":549829,"date":"2024-12-24T14:50:42","date_gmt":"2024-12-24T13:50:42","guid":{"rendered":"https:\/\/tilefly.com\/producto\/ricetta-avorio-rect-60x120\/"},"modified":"2025-10-29T09:36:00","modified_gmt":"2025-10-29T08:36:00","slug":"ricetta-avorio-rect-60x120","status":"publish","type":"product","link":"https:\/\/tilefly.com\/es\/producto\/ricetta-avorio-rect-60x120\/","title":{"rendered":"RICETTA AVORIO RECT 60X120"},"content":{"rendered":"<h2><strong>RICETTA AVORIO RECT 60X120<\/strong><\/h2><p>RICETTA AVORIO RECT 60X120 combina un fondo en color marfil con patrones geom\u00e9tricos c\u00e1lidos, ofreciendo un dise\u00f1o \u00fanico y contempor\u00e1neo. Su acabado mate y propiedades antideslizantes la hacen ideal para proyectos creativos. Descubre m\u00e1s sobre la serie <a href='https:\/\/tilefly.com\/producto\/ama\/'>AMA aqu\u00ed<\/a>.<\/p>","protected":false},"excerpt":{"rendered":"<p>RICETTA AVORIO RECT 60X120RICETTA AVORIO RECT 60X120 combina un fondo en color marfil con patrones geom\u00e9tricos c\u00e1lidos, ofreciendo un dise\u00f1o \u00fanico y contempor\u00e1neo. Su acabado mate y propiedades antideslizantes la hacen ideal para proyectos creativos. Descubre m\u00e1s sobre la serie AMA aqu\u00ed.<\/p>\n","protected":false},"featured_media":549817,"comment_status":"open","ping_status":"closed","template":"","meta":[],"product_brand":[],"product_cat":[561,562,563,564],"product_tag":[],"class_list":{"0":"post-549829","1":"product","2":"type-product","3":"status-publish","4":"has-post-thumbnail","6":"product_cat-vloertegels","7":"product_cat-badkamer-tegels","8":"product_cat-keuken-tegel","9":"product_cat-wandtegels","11":"first","12":"instock","13":"shipping-taxable","14":"purchasable","15":"product-type-simple"},"_links":{"self":[{"href":"https:\/\/tilefly.com\/es\/wp-json\/wp\/v2\/product\/549829","targetHints":{"allow":["GET"]}}],"collection":[{"href":"https:\/\/tilefly.com\/es\/wp-json\/wp\/v2\/product"}],"about":[{"href":"https:\/\/tilefly.com\/es\/wp-json\/wp\/v2\/types\/product"}],"replies":[{"embeddable":true,"href":"https:\/\/tilefly.com\/es\/wp-json\/wp\/v2\/comments?post=549829"}],"wp:featuredmedia":[{"embeddable":true,"href":"https:\/\/tilefly.com\/es\/wp-json\/wp\/v2\/media\/549817"}],"wp:attachment":[{"href":"https:\/\/tilefly.com\/es\/wp-json\/wp\/v2\/media?parent=549829"}],"wp:term":[{"taxonomy":"product_brand","embeddable":true,"href":"https:\/\/tilefly.com\/es\/wp-json\/wp\/v2\/product_brand?post=549829"},{"taxonomy":"product_cat","embeddable":true,"href":"https:\/\/tilefly.com\/es\/wp-json\/wp\/v2\/product_cat?post=549829"},{"taxonomy":"product_tag","embeddable":true,"href":"https:\/\/tilefly.com\/es\/wp-json\/wp\/v2\/product_tag?post=549829"}],"curies":[{"name":"wp","href":"https:\/\/api.w.org\/{rel}","templated":true}]}}