{"id":549712,"date":"2024-12-24T14:49:39","date_gmt":"2024-12-24T13:49:39","guid":{"rendered":"https:\/\/tilefly.com\/producto\/ama-cenere-rect-60x120\/"},"modified":"2025-10-29T09:35:47","modified_gmt":"2025-10-29T08:35:47","slug":"ama-cenere-rect-60x120","status":"publish","type":"product","link":"https:\/\/tilefly.com\/es\/producto\/ama-cenere-rect-60x120\/","title":{"rendered":"AMA CENERE RECT 60X120"},"content":{"rendered":"<h2><strong>AMA CENERE RECT 60X120<\/strong><\/h2><p>AMA CENERE RECT 60X120 ofrece un sofisticado tono ceniza con un dise\u00f1o que imita el cemento. Perfecta para proyectos contempor\u00e1neos, esta pieza combina un acabado mate con funcionalidad antideslizante. Descubre m\u00e1s sobre la serie <a href='https:\/\/tilefly.com\/producto\/ama\/'>AMA aqu\u00ed<\/a>.<\/p>","protected":false},"excerpt":{"rendered":"<p>AMA CENERE RECT 60X120AMA CENERE RECT 60X120 ofrece un sofisticado tono ceniza con un dise\u00f1o que imita el cemento. Perfecta para proyectos contempor\u00e1neos, esta pieza combina un acabado mate con funcionalidad antideslizante. Descubre m\u00e1s sobre la serie AMA aqu\u00ed.<\/p>\n","protected":false},"featured_media":549700,"comment_status":"open","ping_status":"closed","template":"","meta":[],"product_brand":[],"product_cat":[561,562,563,564],"product_tag":[],"class_list":{"0":"post-549712","1":"product","2":"type-product","3":"status-publish","4":"has-post-thumbnail","6":"product_cat-vloertegels","7":"product_cat-badkamer-tegels","8":"product_cat-keuken-tegel","9":"product_cat-wandtegels","11":"first","12":"instock","13":"shipping-taxable","14":"purchasable","15":"product-type-simple"},"_links":{"self":[{"href":"https:\/\/tilefly.com\/es\/wp-json\/wp\/v2\/product\/549712","targetHints":{"allow":["GET"]}}],"collection":[{"href":"https:\/\/tilefly.com\/es\/wp-json\/wp\/v2\/product"}],"about":[{"href":"https:\/\/tilefly.com\/es\/wp-json\/wp\/v2\/types\/product"}],"replies":[{"embeddable":true,"href":"https:\/\/tilefly.com\/es\/wp-json\/wp\/v2\/comments?post=549712"}],"wp:featuredmedia":[{"embeddable":true,"href":"https:\/\/tilefly.com\/es\/wp-json\/wp\/v2\/media\/549700"}],"wp:attachment":[{"href":"https:\/\/tilefly.com\/es\/wp-json\/wp\/v2\/media?parent=549712"}],"wp:term":[{"taxonomy":"product_brand","embeddable":true,"href":"https:\/\/tilefly.com\/es\/wp-json\/wp\/v2\/product_brand?post=549712"},{"taxonomy":"product_cat","embeddable":true,"href":"https:\/\/tilefly.com\/es\/wp-json\/wp\/v2\/product_cat?post=549712"},{"taxonomy":"product_tag","embeddable":true,"href":"https:\/\/tilefly.com\/es\/wp-json\/wp\/v2\/product_tag?post=549712"}],"curies":[{"name":"wp","href":"https:\/\/api.w.org\/{rel}","templated":true}]}}