{"id":549673,"date":"2024-12-24T14:49:18","date_gmt":"2024-12-24T13:49:18","guid":{"rendered":"https:\/\/tilefly.com\/producto\/anti-slip-ama-grigio-rect-90x90\/"},"modified":"2025-10-29T09:35:43","modified_gmt":"2025-10-29T08:35:43","slug":"anti-slip-ama-grigio-rect-90x90","status":"publish","type":"product","link":"https:\/\/tilefly.com\/es\/producto\/anti-slip-ama-grigio-rect-90x90\/","title":{"rendered":"ANTI-SLIP AMA GRIGIO RECT 90X90"},"content":{"rendered":"<h2><strong>ANTI-SLIP AMA GRIGIO RECT 90X90<\/strong><\/h2><p>ANTI-SLIP AMA Grigio RECT 90&#215;90, con su tono gris neutro y acabado mate, aporta versatilidad a cualquier espacio. Su dise\u00f1o antideslizante garantiza seguridad y estilo en interiores y exteriores. Descubre m\u00e1s sobre la serie <a href='https:\/\/tilefly.com\/producto\/ama\/'>AMA aqu\u00ed<\/a>.<\/p>","protected":false},"excerpt":{"rendered":"<p>ANTI-SLIP AMA GRIGIO RECT 90X90ANTI-SLIP AMA Grigio RECT 90&#215;90, con su tono gris neutro y acabado mate, aporta versatilidad a cualquier espacio. Su dise\u00f1o antideslizante garantiza seguridad y estilo en interiores y exteriores. Descubre m\u00e1s sobre la serie AMA aqu\u00ed.<\/p>\n","protected":false},"featured_media":549661,"comment_status":"open","ping_status":"closed","template":"","meta":[],"product_brand":[],"product_cat":[561,562,563,564],"product_tag":[],"class_list":{"0":"post-549673","1":"product","2":"type-product","3":"status-publish","4":"has-post-thumbnail","6":"product_cat-vloertegels","7":"product_cat-badkamer-tegels","8":"product_cat-keuken-tegel","9":"product_cat-wandtegels","11":"first","12":"instock","13":"shipping-taxable","14":"purchasable","15":"product-type-simple"},"_links":{"self":[{"href":"https:\/\/tilefly.com\/es\/wp-json\/wp\/v2\/product\/549673","targetHints":{"allow":["GET"]}}],"collection":[{"href":"https:\/\/tilefly.com\/es\/wp-json\/wp\/v2\/product"}],"about":[{"href":"https:\/\/tilefly.com\/es\/wp-json\/wp\/v2\/types\/product"}],"replies":[{"embeddable":true,"href":"https:\/\/tilefly.com\/es\/wp-json\/wp\/v2\/comments?post=549673"}],"wp:featuredmedia":[{"embeddable":true,"href":"https:\/\/tilefly.com\/es\/wp-json\/wp\/v2\/media\/549661"}],"wp:attachment":[{"href":"https:\/\/tilefly.com\/es\/wp-json\/wp\/v2\/media?parent=549673"}],"wp:term":[{"taxonomy":"product_brand","embeddable":true,"href":"https:\/\/tilefly.com\/es\/wp-json\/wp\/v2\/product_brand?post=549673"},{"taxonomy":"product_cat","embeddable":true,"href":"https:\/\/tilefly.com\/es\/wp-json\/wp\/v2\/product_cat?post=549673"},{"taxonomy":"product_tag","embeddable":true,"href":"https:\/\/tilefly.com\/es\/wp-json\/wp\/v2\/product_tag?post=549673"}],"curies":[{"name":"wp","href":"https:\/\/api.w.org\/{rel}","templated":true}]}}