{"id":549621,"date":"2024-12-24T14:48:57","date_gmt":"2024-12-24T13:48:57","guid":{"rendered":"https:\/\/tilefly.com\/producto\/ricetta-graphite-rect-90x90\/"},"modified":"2025-10-29T09:35:35","modified_gmt":"2025-10-29T08:35:35","slug":"ricetta-graphite-rect-90x90","status":"publish","type":"product","link":"https:\/\/tilefly.com\/es\/producto\/ricetta-graphite-rect-90x90\/","title":{"rendered":"RICETTA GRAPHITE RECT 90X90"},"content":{"rendered":"<h2><strong>RICETTA GRAPHITE RECT 90X90<\/strong><\/h2><p>RICETTA Graphite RECT 90&#215;90 ofrece un dise\u00f1o atrevido con un fondo grafito oscuro y decorados geom\u00e9tricos en colores c\u00e1lidos. Ideal para crear espacios llenos de car\u00e1cter, con un acabado mate y antideslizante. Descubre m\u00e1s sobre la serie <a href='https:\/\/tilefly.com\/producto\/ama\/'>AMA aqu\u00ed<\/a>.<\/p>","protected":false},"excerpt":{"rendered":"<p>RICETTA GRAPHITE RECT 90X90RICETTA Graphite RECT 90&#215;90 ofrece un dise\u00f1o atrevido con un fondo grafito oscuro y decorados geom\u00e9tricos en colores c\u00e1lidos. Ideal para crear espacios llenos de car\u00e1cter, con un acabado mate y antideslizante. Descubre m\u00e1s sobre la serie AMA aqu\u00ed.<\/p>\n","protected":false},"featured_media":549609,"comment_status":"open","ping_status":"closed","template":"","meta":[],"product_brand":[],"product_cat":[303,305,306,304],"product_tag":[],"class_list":{"0":"post-549621","1":"product","2":"type-product","3":"status-publish","4":"has-post-thumbnail","6":"product_cat-baldosas","7":"product_cat-banos","8":"product_cat-cocina","9":"product_cat-revestimiento","11":"first","12":"instock","13":"shipping-taxable","14":"purchasable","15":"product-type-simple"},"_links":{"self":[{"href":"https:\/\/tilefly.com\/es\/wp-json\/wp\/v2\/product\/549621","targetHints":{"allow":["GET"]}}],"collection":[{"href":"https:\/\/tilefly.com\/es\/wp-json\/wp\/v2\/product"}],"about":[{"href":"https:\/\/tilefly.com\/es\/wp-json\/wp\/v2\/types\/product"}],"replies":[{"embeddable":true,"href":"https:\/\/tilefly.com\/es\/wp-json\/wp\/v2\/comments?post=549621"}],"wp:featuredmedia":[{"embeddable":true,"href":"https:\/\/tilefly.com\/es\/wp-json\/wp\/v2\/media\/549609"}],"wp:attachment":[{"href":"https:\/\/tilefly.com\/es\/wp-json\/wp\/v2\/media?parent=549621"}],"wp:term":[{"taxonomy":"product_brand","embeddable":true,"href":"https:\/\/tilefly.com\/es\/wp-json\/wp\/v2\/product_brand?post=549621"},{"taxonomy":"product_cat","embeddable":true,"href":"https:\/\/tilefly.com\/es\/wp-json\/wp\/v2\/product_cat?post=549621"},{"taxonomy":"product_tag","embeddable":true,"href":"https:\/\/tilefly.com\/es\/wp-json\/wp\/v2\/product_tag?post=549621"}],"curies":[{"name":"wp","href":"https:\/\/api.w.org\/{rel}","templated":true}]}}