{"id":549608,"date":"2024-12-24T14:48:50","date_gmt":"2024-12-24T13:48:50","guid":{"rendered":"https:\/\/tilefly.com\/producto\/ricetta-grigio-rect-90x90\/"},"modified":"2025-10-29T09:34:00","modified_gmt":"2025-10-29T08:34:00","slug":"ricetta-grigio-rect-90x90","status":"publish","type":"product","link":"https:\/\/tilefly.com\/es\/producto\/ricetta-grigio-rect-90x90\/","title":{"rendered":"RICETTA GRIGIO RECT 90X90"},"content":{"rendered":"<h2><strong>RICETTA GRIGIO RECT 90X90<\/strong><\/h2><p>RICETTA Grigio RECT 90&#215;90 presenta un tono gris combinado con patrones geom\u00e9tricos, ideal para espacios contempor\u00e1neos que buscan dinamismo. Su acabado mate y antideslizante asegura practicidad y dise\u00f1o. Descubre m\u00e1s sobre la serie <a href='https:\/\/tilefly.com\/producto\/ama\/'>AMA aqu\u00ed<\/a>.<\/p>","protected":false},"excerpt":{"rendered":"<p>RICETTA GRIGIO RECT 90X90RICETTA Grigio RECT 90&#215;90 presenta un tono gris combinado con patrones geom\u00e9tricos, ideal para espacios contempor\u00e1neos que buscan dinamismo. Su acabado mate y antideslizante asegura practicidad y dise\u00f1o. Descubre m\u00e1s sobre la serie AMA aqu\u00ed.<\/p>\n","protected":false},"featured_media":549596,"comment_status":"open","ping_status":"closed","template":"","meta":[],"product_brand":[],"product_cat":[561,562,563,564],"product_tag":[],"class_list":{"0":"post-549608","1":"product","2":"type-product","3":"status-publish","4":"has-post-thumbnail","6":"product_cat-vloertegels","7":"product_cat-badkamer-tegels","8":"product_cat-keuken-tegel","9":"product_cat-wandtegels","11":"first","12":"instock","13":"shipping-taxable","14":"purchasable","15":"product-type-simple"},"_links":{"self":[{"href":"https:\/\/tilefly.com\/es\/wp-json\/wp\/v2\/product\/549608","targetHints":{"allow":["GET"]}}],"collection":[{"href":"https:\/\/tilefly.com\/es\/wp-json\/wp\/v2\/product"}],"about":[{"href":"https:\/\/tilefly.com\/es\/wp-json\/wp\/v2\/types\/product"}],"replies":[{"embeddable":true,"href":"https:\/\/tilefly.com\/es\/wp-json\/wp\/v2\/comments?post=549608"}],"wp:featuredmedia":[{"embeddable":true,"href":"https:\/\/tilefly.com\/es\/wp-json\/wp\/v2\/media\/549596"}],"wp:attachment":[{"href":"https:\/\/tilefly.com\/es\/wp-json\/wp\/v2\/media?parent=549608"}],"wp:term":[{"taxonomy":"product_brand","embeddable":true,"href":"https:\/\/tilefly.com\/es\/wp-json\/wp\/v2\/product_brand?post=549608"},{"taxonomy":"product_cat","embeddable":true,"href":"https:\/\/tilefly.com\/es\/wp-json\/wp\/v2\/product_cat?post=549608"},{"taxonomy":"product_tag","embeddable":true,"href":"https:\/\/tilefly.com\/es\/wp-json\/wp\/v2\/product_tag?post=549608"}],"curies":[{"name":"wp","href":"https:\/\/api.w.org\/{rel}","templated":true}]}}