{"id":549582,"date":"2024-12-24T14:48:43","date_gmt":"2024-12-24T13:48:43","guid":{"rendered":"https:\/\/tilefly.com\/producto\/ricetta-cenere-rect-90x90\/"},"modified":"2025-10-29T09:33:56","modified_gmt":"2025-10-29T08:33:56","slug":"ricetta-cenere-rect-90x90","status":"publish","type":"product","link":"https:\/\/tilefly.com\/es\/producto\/ricetta-cenere-rect-90x90\/","title":{"rendered":"RICETTA CENERE RECT 90X90"},"content":{"rendered":"<h2><strong>RICETTA CENERE RECT 90X90<\/strong><\/h2><p>RICETTA Cenere RECT 90&#215;90 combina un fondo en tono ceniza con detalles geom\u00e9tricos en c\u00e1lidos colores. Ideal para dar un toque original a cualquier estancia, esta pieza porcel\u00e1nica es resistente y antideslizante. Descubre m\u00e1s sobre la serie <a href='https:\/\/tilefly.com\/producto\/ama\/'>AMA aqu\u00ed<\/a>.<\/p>","protected":false},"excerpt":{"rendered":"<p>RICETTA CENERE RECT 90X90RICETTA Cenere RECT 90&#215;90 combina un fondo en tono ceniza con detalles geom\u00e9tricos en c\u00e1lidos colores. Ideal para dar un toque original a cualquier estancia, esta pieza porcel\u00e1nica es resistente y antideslizante. Descubre m\u00e1s sobre la serie AMA aqu\u00ed.<\/p>\n","protected":false},"featured_media":549570,"comment_status":"open","ping_status":"closed","template":"","meta":[],"product_brand":[],"product_cat":[561,562,563,564],"product_tag":[],"class_list":{"0":"post-549582","1":"product","2":"type-product","3":"status-publish","4":"has-post-thumbnail","6":"product_cat-vloertegels","7":"product_cat-badkamer-tegels","8":"product_cat-keuken-tegel","9":"product_cat-wandtegels","11":"first","12":"instock","13":"shipping-taxable","14":"purchasable","15":"product-type-simple"},"_links":{"self":[{"href":"https:\/\/tilefly.com\/es\/wp-json\/wp\/v2\/product\/549582","targetHints":{"allow":["GET"]}}],"collection":[{"href":"https:\/\/tilefly.com\/es\/wp-json\/wp\/v2\/product"}],"about":[{"href":"https:\/\/tilefly.com\/es\/wp-json\/wp\/v2\/types\/product"}],"replies":[{"embeddable":true,"href":"https:\/\/tilefly.com\/es\/wp-json\/wp\/v2\/comments?post=549582"}],"wp:featuredmedia":[{"embeddable":true,"href":"https:\/\/tilefly.com\/es\/wp-json\/wp\/v2\/media\/549570"}],"wp:attachment":[{"href":"https:\/\/tilefly.com\/es\/wp-json\/wp\/v2\/media?parent=549582"}],"wp:term":[{"taxonomy":"product_brand","embeddable":true,"href":"https:\/\/tilefly.com\/es\/wp-json\/wp\/v2\/product_brand?post=549582"},{"taxonomy":"product_cat","embeddable":true,"href":"https:\/\/tilefly.com\/es\/wp-json\/wp\/v2\/product_cat?post=549582"},{"taxonomy":"product_tag","embeddable":true,"href":"https:\/\/tilefly.com\/es\/wp-json\/wp\/v2\/product_tag?post=549582"}],"curies":[{"name":"wp","href":"https:\/\/api.w.org\/{rel}","templated":true}]}}