{"id":548477,"date":"2024-12-10T20:33:31","date_gmt":"2024-12-10T19:33:31","guid":{"rendered":"https:\/\/tilefly.com\/producto\/mariza-grey-13x13\/"},"modified":"2025-10-29T09:33:10","modified_gmt":"2025-10-29T08:33:10","slug":"mariza-grey-13x13","status":"publish","type":"product","link":"https:\/\/tilefly.com\/es\/producto\/mariza-grey-13x13\/","title":{"rendered":"MARIZA GREY 13X13"},"content":{"rendered":"<h2><strong>MARIZA GREY 13X13<\/strong><\/h2><p><p>El azulejo <strong>Mariza Grey 13X13<\/strong>, de la colecci\u00f3n <a href='https:\/\/tilefly.com\/producto\/fado\/'>Fado<\/a>, combina neutralidad y sofisticaci\u00f3n en un dise\u00f1o compacto. Su formato de 13&#215;13 cm y su acabado brillante aportan un toque moderno y vers\u00e1til a cualquier ambiente.<\/p><p>El tono gris es ideal para interiores contempor\u00e1neos, ya sea en cocinas, ba\u00f1os o paredes de acento. Fabricado en pasta blanca, garantiza calidad y resistencia, adapt\u00e1ndose a todo tipo de proyectos.<\/p><p>Descubre m\u00e1s sobre la serie <a href='https:\/\/tilefly.com\/producto\/fado\/'>Fado<\/a> y a\u00f1ade un toque de estilo \u00fanico a tus espacios.<\/p><\/p>","protected":false},"excerpt":{"rendered":"<p>MARIZA GREY 13X13El azulejo Mariza Grey 13X13, de la colecci\u00f3n Fado, combina neutralidad y sofisticaci\u00f3n en un dise\u00f1o compacto. Su formato de 13&#215;13 cm y su acabado brillante aportan un toque moderno y vers\u00e1til a cualquier ambiente.El tono gris es ideal para interiores contempor\u00e1neos, ya sea en cocinas, ba\u00f1os o paredes de acento. Fabricado en [&hellip;]<\/p>\n","protected":false},"featured_media":548465,"comment_status":"open","ping_status":"closed","template":"","meta":[],"product_brand":[],"product_cat":[305,306,304],"product_tag":[],"class_list":{"0":"post-548477","1":"product","2":"type-product","3":"status-publish","4":"has-post-thumbnail","6":"product_cat-banos","7":"product_cat-cocina","8":"product_cat-revestimiento","10":"first","11":"instock","12":"shipping-taxable","13":"purchasable","14":"product-type-simple"},"_links":{"self":[{"href":"https:\/\/tilefly.com\/es\/wp-json\/wp\/v2\/product\/548477","targetHints":{"allow":["GET"]}}],"collection":[{"href":"https:\/\/tilefly.com\/es\/wp-json\/wp\/v2\/product"}],"about":[{"href":"https:\/\/tilefly.com\/es\/wp-json\/wp\/v2\/types\/product"}],"replies":[{"embeddable":true,"href":"https:\/\/tilefly.com\/es\/wp-json\/wp\/v2\/comments?post=548477"}],"wp:featuredmedia":[{"embeddable":true,"href":"https:\/\/tilefly.com\/es\/wp-json\/wp\/v2\/media\/548465"}],"wp:attachment":[{"href":"https:\/\/tilefly.com\/es\/wp-json\/wp\/v2\/media?parent=548477"}],"wp:term":[{"taxonomy":"product_brand","embeddable":true,"href":"https:\/\/tilefly.com\/es\/wp-json\/wp\/v2\/product_brand?post=548477"},{"taxonomy":"product_cat","embeddable":true,"href":"https:\/\/tilefly.com\/es\/wp-json\/wp\/v2\/product_cat?post=548477"},{"taxonomy":"product_tag","embeddable":true,"href":"https:\/\/tilefly.com\/es\/wp-json\/wp\/v2\/product_tag?post=548477"}],"curies":[{"name":"wp","href":"https:\/\/api.w.org\/{rel}","templated":true}]}}