{"id":547791,"date":"2024-11-22T12:49:04","date_gmt":"2024-11-22T11:49:04","guid":{"rendered":"https:\/\/tilefly.com\/producto\/cenefa-coliseum-gold-8x75\/"},"modified":"2025-05-28T00:46:58","modified_gmt":"2025-05-27T22:46:58","slug":"cenefa-coliseum-gold-8x75","status":"publish","type":"product","link":"https:\/\/tilefly.com\/es\/producto\/cenefa-coliseum-gold-8x75\/","title":{"rendered":"CENEFA COLISEUM GOLD 8X75"},"content":{"rendered":"<h2><strong>CENEFA COLISEUM GOLD 8X75<\/strong><\/h2><p>La <strong>CENEFA COLISEUM GOLD 8X75<\/strong> es ideal para quienes buscan un revestimiento decorativo con un acabado brillante en un exclusivo tono dorado. Esta cenefa aporta distinci\u00f3n a ba\u00f1os, cocinas o salas de estar, destacando por su dise\u00f1o inspirado en la elegancia del m\u00e1rmol. Con unas dimensiones de 8&#215;75 cm, es perfecta para agregar detalles refinados a cualquier espacio. Descubre c\u00f3mo integrar este producto en la <a href='https:\/\/tilefly.com\/producto\/rex\/'>serie Rex<\/a>.<\/p>","protected":false},"excerpt":{"rendered":"<p>CENEFA COLISEUM GOLD 8X75La CENEFA COLISEUM GOLD 8X75 es ideal para quienes buscan un revestimiento decorativo con un acabado brillante en un exclusivo tono dorado. Esta cenefa aporta distinci\u00f3n a ba\u00f1os, cocinas o salas de estar, destacando por su dise\u00f1o inspirado en la elegancia del m\u00e1rmol. Con unas dimensiones de 8&#215;75 cm, es perfecta para [&hellip;]<\/p>\n","protected":false},"featured_media":547779,"comment_status":"open","ping_status":"closed","template":"","meta":[],"product_brand":[],"product_cat":[305,306,304],"product_tag":[],"class_list":{"0":"post-547791","1":"product","2":"type-product","3":"status-publish","4":"has-post-thumbnail","6":"product_cat-banos","7":"product_cat-cocina","8":"product_cat-revestimiento","10":"first","11":"outofstock","12":"shipping-taxable","13":"purchasable","14":"product-type-simple"},"_links":{"self":[{"href":"https:\/\/tilefly.com\/es\/wp-json\/wp\/v2\/product\/547791","targetHints":{"allow":["GET"]}}],"collection":[{"href":"https:\/\/tilefly.com\/es\/wp-json\/wp\/v2\/product"}],"about":[{"href":"https:\/\/tilefly.com\/es\/wp-json\/wp\/v2\/types\/product"}],"replies":[{"embeddable":true,"href":"https:\/\/tilefly.com\/es\/wp-json\/wp\/v2\/comments?post=547791"}],"wp:featuredmedia":[{"embeddable":true,"href":"https:\/\/tilefly.com\/es\/wp-json\/wp\/v2\/media\/547779"}],"wp:attachment":[{"href":"https:\/\/tilefly.com\/es\/wp-json\/wp\/v2\/media?parent=547791"}],"wp:term":[{"taxonomy":"product_brand","embeddable":true,"href":"https:\/\/tilefly.com\/es\/wp-json\/wp\/v2\/product_brand?post=547791"},{"taxonomy":"product_cat","embeddable":true,"href":"https:\/\/tilefly.com\/es\/wp-json\/wp\/v2\/product_cat?post=547791"},{"taxonomy":"product_tag","embeddable":true,"href":"https:\/\/tilefly.com\/es\/wp-json\/wp\/v2\/product_tag?post=547791"}],"curies":[{"name":"wp","href":"https:\/\/api.w.org\/{rel}","templated":true}]}}