{"id":547485,"date":"2024-11-20T23:23:53","date_gmt":"2024-11-20T22:23:53","guid":{"rendered":"https:\/\/tilefly.com\/?post_type=product&#038;p=547485"},"modified":"2024-11-20T23:28:56","modified_gmt":"2024-11-20T22:28:56","slug":"downtown","status":"publish","type":"product","link":"https:\/\/tilefly.com\/es\/producto\/downtown\/","title":{"rendered":"DOWNTOWN"},"content":{"rendered":"<p>La serie downtown Lejos del clich\u00e9 de que es un material duro, tosco y fr\u00edo, el cemento aporta frescura y modernidad. Downtown es la colecci\u00f3n de Carmen que nace de esta idea e introduce el cemento en el \u00e1mbito privado. El resultado es una bell\u00edsima colecci\u00f3n que, fusionada con el craquel\u00e9 de la cer\u00e1mica tradicional, transmite sensaci\u00f3n de amplitud y luminosidad en cada una de sus piezas. Sus colores dotan de una elegancia moderna y metropolitana esta serie de peque\u00f1o formato.<\/p>","protected":false},"excerpt":{"rendered":"<p>La serie downtown Lejos del clich\u00e9 de que es un material duro, tosco y fr\u00edo, el cemento aporta frescura y modernidad. Downtown es la colecci\u00f3n de Carmen que nace de esta idea e introduce el cemento en el \u00e1mbito privado. El resultado es una bell\u00edsima colecci\u00f3n que, fusionada con el craquel\u00e9 de la cer\u00e1mica tradicional, [&hellip;]<\/p>\n","protected":false},"featured_media":547039,"comment_status":"closed","ping_status":"closed","template":"","meta":[],"product_brand":[],"product_cat":[305,303,306,304],"product_tag":[],"class_list":{"0":"post-547485","1":"product","2":"type-product","3":"status-publish","4":"has-post-thumbnail","6":"product_cat-banos","7":"product_cat-baldosas","8":"product_cat-cocina","9":"product_cat-revestimiento","11":"first","12":"instock","13":"shipping-taxable","14":"product-type-grouped"},"_links":{"self":[{"href":"https:\/\/tilefly.com\/es\/wp-json\/wp\/v2\/product\/547485","targetHints":{"allow":["GET"]}}],"collection":[{"href":"https:\/\/tilefly.com\/es\/wp-json\/wp\/v2\/product"}],"about":[{"href":"https:\/\/tilefly.com\/es\/wp-json\/wp\/v2\/types\/product"}],"replies":[{"embeddable":true,"href":"https:\/\/tilefly.com\/es\/wp-json\/wp\/v2\/comments?post=547485"}],"wp:featuredmedia":[{"embeddable":true,"href":"https:\/\/tilefly.com\/es\/wp-json\/wp\/v2\/media\/547039"}],"wp:attachment":[{"href":"https:\/\/tilefly.com\/es\/wp-json\/wp\/v2\/media?parent=547485"}],"wp:term":[{"taxonomy":"product_brand","embeddable":true,"href":"https:\/\/tilefly.com\/es\/wp-json\/wp\/v2\/product_brand?post=547485"},{"taxonomy":"product_cat","embeddable":true,"href":"https:\/\/tilefly.com\/es\/wp-json\/wp\/v2\/product_cat?post=547485"},{"taxonomy":"product_tag","embeddable":true,"href":"https:\/\/tilefly.com\/es\/wp-json\/wp\/v2\/product_tag?post=547485"}],"curies":[{"name":"wp","href":"https:\/\/api.w.org\/{rel}","templated":true}]}}